{"id":2646,"date":"2025-03-19T14:15:05","date_gmt":"2025-03-19T18:15:05","guid":{"rendered":"https:\/\/ccnuclear.ca\/?page_id=2646"},"modified":"2025-03-20T13:22:32","modified_gmt":"2025-03-20T17:22:32","slug":"paisley","status":"publish","type":"page","link":"http:\/\/ccnuclear.ca\/fr\/paisley\/","title":{"rendered":"Paisley"},"content":{"rendered":"\t\t<div data-elementor-type=\"wp-page\" data-elementor-id=\"2646\" class=\"elementor elementor-2646 elementor-2612\" data-elementor-post-type=\"page\">\n\t\t\t\t\t\t<section class=\"elementor-section elementor-top-section elementor-element elementor-element-700ecf9f elementor-section-full_width elementor-section-content-middle elementor-section-height-default elementor-section-height-default\" data-id=\"700ecf9f\" data-element_type=\"section\">\n\t\t\t\t\t\t<div class=\"elementor-container elementor-column-gap-default\">\n\t\t\t\t\t<div class=\"elementor-column elementor-col-50 elementor-top-column elementor-element elementor-element-3d5ea2fc animated-slow elementor-invisible\" data-id=\"3d5ea2fc\" data-element_type=\"column\" data-settings=\"{&quot;animation&quot;:&quot;fadeInUp&quot;}\">\n\t\t\t<div class=\"elementor-widget-wrap elementor-element-populated\">\n\t\t\t\t\t\t<div class=\"elementor-element elementor-element-e3e89a1 elementor-widget elementor-widget-heading\" data-id=\"e3e89a1\" data-element_type=\"widget\" data-widget_type=\"heading.default\">\n\t\t\t\t<div class=\"elementor-widget-container\">\n\t\t\t\t\t<h3 class=\"elementor-heading-title elementor-size-default\">CCN \u00c9largit sa Pr\u00e9sence au Canada avec l\u2019Acquisition des Installations d\u2019Abraflex <\/h3>\t\t\t\t<\/div>\n\t\t\t\t<\/div>\n\t\t\t\t\t<\/div>\n\t\t<\/div>\n\t\t\t\t<div class=\"elementor-column elementor-col-50 elementor-top-column elementor-element elementor-element-b1cc097 animated-slow elementor-invisible\" data-id=\"b1cc097\" data-element_type=\"column\" data-settings=\"{&quot;animation&quot;:&quot;fadeInUp&quot;}\">\n\t\t\t<div class=\"elementor-widget-wrap elementor-element-populated\">\n\t\t\t\t\t\t<div class=\"elementor-element elementor-element-f89bdbb elementor-widget elementor-widget-image\" data-id=\"f89bdbb\" data-element_type=\"widget\" data-widget_type=\"image.default\">\n\t\t\t\t<div class=\"elementor-widget-container\">\n\t\t\t\t\t\t\t\t\t\t\t\t\t\t\t<img fetchpriority=\"high\" decoding=\"async\" width=\"640\" height=\"433\" src=\"http:\/\/ccnuclear.ca\/wp-content\/uploads\/2025\/03\/CCN_ACQUISITION_web_2025-1024x693.jpg\" class=\"attachment-large size-large wp-image-2654\" alt=\"\" srcset=\"http:\/\/ccnuclear.ca\/wp-content\/uploads\/2025\/03\/CCN_ACQUISITION_web_2025-1024x693.jpg 1024w, http:\/\/ccnuclear.ca\/wp-content\/uploads\/2025\/03\/CCN_ACQUISITION_web_2025-300x203.jpg 300w, http:\/\/ccnuclear.ca\/wp-content\/uploads\/2025\/03\/CCN_ACQUISITION_web_2025-768x520.jpg 768w, http:\/\/ccnuclear.ca\/wp-content\/uploads\/2025\/03\/CCN_ACQUISITION_web_2025.jpg 1080w\" sizes=\"(max-width: 640px) 100vw, 640px\" \/>\t\t\t\t\t\t\t\t\t\t\t\t\t\t\t<\/div>\n\t\t\t\t<\/div>\n\t\t\t\t\t<\/div>\n\t\t<\/div>\n\t\t\t\t\t<\/div>\n\t\t<\/section>\n\t\t\t\t<section class=\"elementor-section elementor-top-section elementor-element elementor-element-41a7528 elementor-section-full_width elementor-section-height-default elementor-section-height-default\" data-id=\"41a7528\" data-element_type=\"section\">\n\t\t\t\t\t\t<div class=\"elementor-container elementor-column-gap-default\">\n\t\t\t\t\t<div class=\"elementor-column elementor-col-100 elementor-top-column elementor-element elementor-element-3c0007e animated-slow elementor-invisible\" data-id=\"3c0007e\" data-element_type=\"column\" data-settings=\"{&quot;animation&quot;:&quot;fadeInUp&quot;}\">\n\t\t\t<div class=\"elementor-widget-wrap elementor-element-populated\">\n\t\t\t\t\t\t<div class=\"elementor-element elementor-element-f704159 elementor-widget elementor-widget-text-editor\" data-id=\"f704159\" data-element_type=\"widget\" data-widget_type=\"text-editor.default\">\n\t\t\t\t<div class=\"elementor-widget-container\">\n\t\t\t\t\t\t\t\t\t<p>CCN, un leader dans la gestion des d\u00e9chets pour l\u2019industrie nucl\u00e9aire, est fier d\u2019annoncer l\u2019acquisition des installations d\u2019Abraflex situ\u00e9es \u00e0 Paisley, dans le comt\u00e9 de Bruce, en Ontario. Cette acquisition strat\u00e9gique renforce l\u2019engagement de CCN \u00e0 accro\u00eetre sa pr\u00e9sence au Canada et \u00e0 \u00e9largir son offre de services pour mieux soutenir le secteur nucl\u00e9aire.<\/p><p>\u00ab Cette acquisition marque une \u00e9tape importante dans la croissance de CCN, alors que nous consolidons nos capacit\u00e9s et \u00e9tendons notre empreinte au Canada \u00bb, a d\u00e9clar\u00e9 St\u00e9phane Leduc, chef de la direction de CCN. \u00ab Avec les investissements croissants dans l\u2019industrie nucl\u00e9aire au cours des prochaines d\u00e9cennies, CCN s\u2019engage \u00e0 fournir des solutions innovantes, efficaces et \u00e9conomiques pour aider nos clients \u00e0 g\u00e9rer les d\u00e9chets nucl\u00e9aires tout en minimisant leur impact environnemental. \u00bb<\/p><p>CCN se sp\u00e9cialise dans la conception, la fabrication, l\u2019installation et l\u2019exploitation de solutions compl\u00e8tes de gestion des d\u00e9chets pour l\u2019industrie nucl\u00e9aire. L\u2019acquisition d\u2019Abraflex \u00e9largit notre gamme de services en ajoutant une expertise dans les environnements radiologiques, notamment la fabrication d\u2019enceintes de confinement sur mesure, de combinaisons ventil\u00e9es de protection individuelle et surtout, des solutions novatrices de d\u00e9contamination.<\/p><p>En int\u00e9grant Abraflex \u00e0 ses op\u00e9rations, CCN renforce sa position en tant qu\u2019entreprise canadienne phare de l\u2019industrie nucl\u00e9aire. Cette acquisition s\u2019inscrit dans la mission de CCN de d\u00e9velopper des solutions de pointe visant \u00e0 r\u00e9duire l\u2019empreinte des d\u00e9chets nucl\u00e9aires et les co\u00fbts de stockage pour ses clients.<\/p><p>Avec cette expansion en Ontario, CCN continue de d\u00e9montrer son engagement pour le d\u00e9veloppement de solutions con\u00e7ues et fabriqu\u00e9es au Canada pour l\u2019industrie nucl\u00e9aire, tout en garantissant des normes \u00e9lev\u00e9es en mati\u00e8re de s\u00e9curit\u00e9, d\u2019efficacit\u00e9 et de durabilit\u00e9.<\/p>\t\t\t\t\t\t\t\t<\/div>\n\t\t\t\t<\/div>\n\t\t\t\t<div class=\"elementor-element elementor-element-6e35501 elementor-widget elementor-widget-heading\" data-id=\"6e35501\" data-element_type=\"widget\" data-widget_type=\"heading.default\">\n\t\t\t\t<div class=\"elementor-widget-container\">\n\t\t\t\t\t<h3 class=\"elementor-heading-title elementor-size-default\">Ligne de produits<\/h3>\t\t\t\t<\/div>\n\t\t\t\t<\/div>\n\t\t\t\t\t<\/div>\n\t\t<\/div>\n\t\t\t\t\t<\/div>\n\t\t<\/section>\n\t\t\t\t<section class=\"elementor-section elementor-top-section elementor-element elementor-element-bbdf706 elementor-section-full_width elementor-section-height-default elementor-section-height-default\" data-id=\"bbdf706\" data-element_type=\"section\">\n\t\t\t\t\t\t<div class=\"elementor-container elementor-column-gap-default\">\n\t\t\t\t\t<div class=\"elementor-column elementor-col-33 elementor-top-column elementor-element elementor-element-14a7d13\" data-id=\"14a7d13\" data-element_type=\"column\">\n\t\t\t<div class=\"elementor-widget-wrap elementor-element-populated\">\n\t\t\t\t\t\t<div class=\"elementor-element elementor-element-db676ba elementor-widget elementor-widget-image\" data-id=\"db676ba\" data-element_type=\"widget\" data-widget_type=\"image.default\">\n\t\t\t\t<div class=\"elementor-widget-container\">\n\t\t\t\t\t\t\t\t\t\t\t\t\t\t\t<img decoding=\"async\" width=\"640\" height=\"640\" src=\"http:\/\/ccnuclear.ca\/wp-content\/uploads\/2025\/03\/CCN-Lessive@2x.png\" class=\"attachment-large size-large wp-image-2639\" alt=\"\" srcset=\"http:\/\/ccnuclear.ca\/wp-content\/uploads\/2025\/03\/CCN-Lessive@2x.png 660w, http:\/\/ccnuclear.ca\/wp-content\/uploads\/2025\/03\/CCN-Lessive@2x-300x300.png 300w, http:\/\/ccnuclear.ca\/wp-content\/uploads\/2025\/03\/CCN-Lessive@2x-150x150.png 150w\" sizes=\"(max-width: 640px) 100vw, 640px\" \/>\t\t\t\t\t\t\t\t\t\t\t\t\t\t\t<\/div>\n\t\t\t\t<\/div>\n\t\t\t\t<div class=\"elementor-element elementor-element-0ba2343 elementor-widget elementor-widget-heading\" data-id=\"0ba2343\" data-element_type=\"widget\" data-widget_type=\"heading.default\">\n\t\t\t\t<div class=\"elementor-widget-container\">\n\t\t\t\t\t<h4 class=\"elementor-heading-title elementor-size-default\">Lessive<\/h4>\t\t\t\t<\/div>\n\t\t\t\t<\/div>\n\t\t\t\t\t<\/div>\n\t\t<\/div>\n\t\t\t\t<div class=\"elementor-column elementor-col-33 elementor-top-column elementor-element elementor-element-19aec87\" data-id=\"19aec87\" data-element_type=\"column\">\n\t\t\t<div class=\"elementor-widget-wrap elementor-element-populated\">\n\t\t\t\t\t\t<div class=\"elementor-element elementor-element-b5d0b1e elementor-widget elementor-widget-image\" data-id=\"b5d0b1e\" data-element_type=\"widget\" data-widget_type=\"image.default\">\n\t\t\t\t<div class=\"elementor-widget-container\">\n\t\t\t\t\t\t\t\t\t\t\t\t\t\t\t<img decoding=\"async\" width=\"640\" height=\"640\" src=\"http:\/\/ccnuclear.ca\/wp-content\/uploads\/2025\/03\/CCN-Habits@2x.png\" class=\"attachment-large size-large wp-image-2637\" alt=\"\" srcset=\"http:\/\/ccnuclear.ca\/wp-content\/uploads\/2025\/03\/CCN-Habits@2x.png 660w, http:\/\/ccnuclear.ca\/wp-content\/uploads\/2025\/03\/CCN-Habits@2x-300x300.png 300w, http:\/\/ccnuclear.ca\/wp-content\/uploads\/2025\/03\/CCN-Habits@2x-150x150.png 150w\" sizes=\"(max-width: 640px) 100vw, 640px\" \/>\t\t\t\t\t\t\t\t\t\t\t\t\t\t\t<\/div>\n\t\t\t\t<\/div>\n\t\t\t\t<div class=\"elementor-element elementor-element-324673e elementor-widget elementor-widget-heading\" data-id=\"324673e\" data-element_type=\"widget\" data-widget_type=\"heading.default\">\n\t\t\t\t<div class=\"elementor-widget-container\">\n\t\t\t\t\t<h4 class=\"elementor-heading-title elementor-size-default\">Habits<\/h4>\t\t\t\t<\/div>\n\t\t\t\t<\/div>\n\t\t\t\t\t<\/div>\n\t\t<\/div>\n\t\t\t\t<div class=\"elementor-column elementor-col-33 elementor-top-column elementor-element elementor-element-a63a9fa\" data-id=\"a63a9fa\" data-element_type=\"column\">\n\t\t\t<div class=\"elementor-widget-wrap elementor-element-populated\">\n\t\t\t\t\t\t<div class=\"elementor-element elementor-element-bed78a1 elementor-widget elementor-widget-image\" data-id=\"bed78a1\" data-element_type=\"widget\" data-widget_type=\"image.default\">\n\t\t\t\t<div class=\"elementor-widget-container\">\n\t\t\t\t\t\t\t\t\t\t\t\t\t\t\t<img loading=\"lazy\" decoding=\"async\" width=\"640\" height=\"640\" src=\"http:\/\/ccnuclear.ca\/wp-content\/uploads\/2025\/03\/CCN-tentes@2x.png\" class=\"attachment-large size-large wp-image-2635\" alt=\"\" srcset=\"http:\/\/ccnuclear.ca\/wp-content\/uploads\/2025\/03\/CCN-tentes@2x.png 660w, http:\/\/ccnuclear.ca\/wp-content\/uploads\/2025\/03\/CCN-tentes@2x-300x300.png 300w, http:\/\/ccnuclear.ca\/wp-content\/uploads\/2025\/03\/CCN-tentes@2x-150x150.png 150w\" sizes=\"(max-width: 640px) 100vw, 640px\" \/>\t\t\t\t\t\t\t\t\t\t\t\t\t\t\t<\/div>\n\t\t\t\t<\/div>\n\t\t\t\t<div class=\"elementor-element elementor-element-4cce0c1 elementor-widget elementor-widget-heading\" data-id=\"4cce0c1\" data-element_type=\"widget\" data-widget_type=\"heading.default\">\n\t\t\t\t<div class=\"elementor-widget-container\">\n\t\t\t\t\t<h4 class=\"elementor-heading-title elementor-size-default\">Tentes<\/h4>\t\t\t\t<\/div>\n\t\t\t\t<\/div>\n\t\t\t\t\t<\/div>\n\t\t<\/div>\n\t\t\t\t\t<\/div>\n\t\t<\/section>\n\t\t\t\t<section class=\"elementor-section elementor-top-section elementor-element elementor-element-87e68fc elementor-section-full_width elementor-section-height-default elementor-section-height-default\" data-id=\"87e68fc\" data-element_type=\"section\">\n\t\t\t\t\t\t<div class=\"elementor-container elementor-column-gap-default\">\n\t\t\t\t\t<div class=\"elementor-column elementor-col-33 elementor-top-column elementor-element elementor-element-64206a3\" data-id=\"64206a3\" data-element_type=\"column\">\n\t\t\t<div class=\"elementor-widget-wrap elementor-element-populated\">\n\t\t\t\t\t\t<div class=\"elementor-element elementor-element-c3fa3d0 elementor-widget elementor-widget-image\" data-id=\"c3fa3d0\" data-element_type=\"widget\" data-widget_type=\"image.default\">\n\t\t\t\t<div class=\"elementor-widget-container\">\n\t\t\t\t\t\t\t\t\t\t\t\t\t\t\t<img loading=\"lazy\" decoding=\"async\" width=\"640\" height=\"640\" src=\"http:\/\/ccnuclear.ca\/wp-content\/uploads\/2025\/03\/CCN-decontamination@2x.png\" class=\"attachment-large size-large wp-image-2633\" alt=\"\" srcset=\"http:\/\/ccnuclear.ca\/wp-content\/uploads\/2025\/03\/CCN-decontamination@2x.png 660w, http:\/\/ccnuclear.ca\/wp-content\/uploads\/2025\/03\/CCN-decontamination@2x-300x300.png 300w, http:\/\/ccnuclear.ca\/wp-content\/uploads\/2025\/03\/CCN-decontamination@2x-150x150.png 150w\" sizes=\"(max-width: 640px) 100vw, 640px\" \/>\t\t\t\t\t\t\t\t\t\t\t\t\t\t\t<\/div>\n\t\t\t\t<\/div>\n\t\t\t\t<div class=\"elementor-element elementor-element-c59340f elementor-widget elementor-widget-heading\" data-id=\"c59340f\" data-element_type=\"widget\" data-widget_type=\"heading.default\">\n\t\t\t\t<div class=\"elementor-widget-container\">\n\t\t\t\t\t<h4 class=\"elementor-heading-title elementor-size-default\">D\u00e9contamination<\/h4>\t\t\t\t<\/div>\n\t\t\t\t<\/div>\n\t\t\t\t\t<\/div>\n\t\t<\/div>\n\t\t\t\t<div class=\"elementor-column elementor-col-33 elementor-top-column elementor-element elementor-element-c185567\" data-id=\"c185567\" data-element_type=\"column\">\n\t\t\t<div class=\"elementor-widget-wrap elementor-element-populated\">\n\t\t\t\t\t\t<div class=\"elementor-element elementor-element-cea29e9 elementor-widget elementor-widget-image\" data-id=\"cea29e9\" data-element_type=\"widget\" data-widget_type=\"image.default\">\n\t\t\t\t<div class=\"elementor-widget-container\">\n\t\t\t\t\t\t\t\t\t\t\t\t\t\t\t<img loading=\"lazy\" decoding=\"async\" width=\"640\" height=\"640\" src=\"http:\/\/ccnuclear.ca\/wp-content\/uploads\/2025\/03\/CCN-Entreposage-storage@2x.png\" class=\"attachment-large size-large wp-image-2631\" alt=\"\" srcset=\"http:\/\/ccnuclear.ca\/wp-content\/uploads\/2025\/03\/CCN-Entreposage-storage@2x.png 660w, http:\/\/ccnuclear.ca\/wp-content\/uploads\/2025\/03\/CCN-Entreposage-storage@2x-300x300.png 300w, http:\/\/ccnuclear.ca\/wp-content\/uploads\/2025\/03\/CCN-Entreposage-storage@2x-150x150.png 150w\" sizes=\"(max-width: 640px) 100vw, 640px\" \/>\t\t\t\t\t\t\t\t\t\t\t\t\t\t\t<\/div>\n\t\t\t\t<\/div>\n\t\t\t\t<div class=\"elementor-element elementor-element-57147a4 elementor-widget elementor-widget-heading\" data-id=\"57147a4\" data-element_type=\"widget\" data-widget_type=\"heading.default\">\n\t\t\t\t<div class=\"elementor-widget-container\">\n\t\t\t\t\t<h4 class=\"elementor-heading-title elementor-size-default\">Entreposage<\/h4>\t\t\t\t<\/div>\n\t\t\t\t<\/div>\n\t\t\t\t\t<\/div>\n\t\t<\/div>\n\t\t\t\t<div class=\"elementor-column elementor-col-33 elementor-top-column elementor-element elementor-element-7bba240\" data-id=\"7bba240\" data-element_type=\"column\">\n\t\t\t<div class=\"elementor-widget-wrap\">\n\t\t\t\t\t\t\t<\/div>\n\t\t<\/div>\n\t\t\t\t\t<\/div>\n\t\t<\/section>\n\t\t\t\t<\/div>\n\t\t","protected":false},"excerpt":{"rendered":"<p>CCN \u00c9largit sa Pr\u00e9sence au Canada avec l\u2019Acquisition des Installations d\u2019Abraflex CCN, un leader dans la gestion des d\u00e9chets pour l\u2019industrie nucl\u00e9aire, est fier d\u2019annoncer l\u2019acquisition des installations d\u2019Abraflex situ\u00e9es \u00e0 Paisley, dans le comt\u00e9 de Bruce, en Ontario. Cette acquisition strat\u00e9gique renforce l\u2019engagement de CCN \u00e0 accro\u00eetre sa pr\u00e9sence au Canada et \u00e0 \u00e9largir [&#8230;]<\/p>\n<p><a class=\"btn btn-secondary understrap-read-more-link\" href=\"http:\/\/ccnuclear.ca\/fr\/paisley\/\">Lire la suite\u2026<span class=\"screen-reader-text\"> from Paisley<\/span><\/a><\/p>\n","protected":false},"author":1,"featured_media":0,"parent":0,"menu_order":10,"comment_status":"closed","ping_status":"closed","template":"","meta":{"_acf_changed":false,"inline_featured_image":false,"footnotes":""},"class_list":["post-2646","page","type-page","status-publish","hentry"],"acf":[],"yoast_head":"<!-- This site is optimized with the Yoast SEO plugin v26.8 - https:\/\/yoast.com\/product\/yoast-seo-wordpress\/ -->\n<title>Paisley - CCNuclear<\/title>\n<meta name=\"robots\" content=\"index, follow, max-snippet:-1, max-image-preview:large, max-video-preview:-1\" \/>\n<link rel=\"canonical\" href=\"http:\/\/ccnuclear.ca\/fr\/paisley\/\" \/>\n<meta property=\"og:locale\" content=\"fr_FR\" \/>\n<meta property=\"og:type\" content=\"article\" \/>\n<meta property=\"og:title\" content=\"Paisley - CCNuclear\" \/>\n<meta property=\"og:description\" content=\"CCN \u00c9largit sa Pr\u00e9sence au Canada avec l\u2019Acquisition des Installations d\u2019Abraflex CCN, un leader dans la gestion des d\u00e9chets pour l\u2019industrie nucl\u00e9aire, est fier d\u2019annoncer l\u2019acquisition des installations d\u2019Abraflex situ\u00e9es \u00e0 Paisley, dans le comt\u00e9 de Bruce, en Ontario. Cette acquisition strat\u00e9gique renforce l\u2019engagement de CCN \u00e0 accro\u00eetre sa pr\u00e9sence au Canada et \u00e0 \u00e9largir [...]Lire la suite\u2026 from Paisley\" \/>\n<meta property=\"og:url\" content=\"http:\/\/ccnuclear.ca\/fr\/paisley\/\" \/>\n<meta property=\"og:site_name\" content=\"CCNuclear\" \/>\n<meta property=\"article:modified_time\" content=\"2025-03-20T17:22:32+00:00\" \/>\n<meta property=\"og:image\" content=\"http:\/\/ccnuclear.ca\/wp-content\/uploads\/2025\/03\/CCN_ACQUISITION_web_2025-1024x693.jpg\" \/>\n<meta name=\"twitter:card\" content=\"summary_large_image\" \/>\n<meta name=\"twitter:label1\" content=\"Dur\u00e9e de lecture estim\u00e9e\" \/>\n\t<meta name=\"twitter:data1\" content=\"3 minutes\" \/>\n<script type=\"application\/ld+json\" class=\"yoast-schema-graph\">{\"@context\":\"https:\/\/schema.org\",\"@graph\":[{\"@type\":\"WebPage\",\"@id\":\"http:\/\/ccnuclear.ca\/fr\/paisley\/\",\"url\":\"http:\/\/ccnuclear.ca\/fr\/paisley\/\",\"name\":\"Paisley - CCNuclear\",\"isPartOf\":{\"@id\":\"https:\/\/ccnuclear.ca\/fr\/#website\"},\"primaryImageOfPage\":{\"@id\":\"http:\/\/ccnuclear.ca\/fr\/paisley\/#primaryimage\"},\"image\":{\"@id\":\"http:\/\/ccnuclear.ca\/fr\/paisley\/#primaryimage\"},\"thumbnailUrl\":\"http:\/\/ccnuclear.ca\/wp-content\/uploads\/2025\/03\/CCN_ACQUISITION_web_2025-1024x693.jpg\",\"datePublished\":\"2025-03-19T18:15:05+00:00\",\"dateModified\":\"2025-03-20T17:22:32+00:00\",\"breadcrumb\":{\"@id\":\"http:\/\/ccnuclear.ca\/fr\/paisley\/#breadcrumb\"},\"inLanguage\":\"fr-FR\",\"potentialAction\":[{\"@type\":\"ReadAction\",\"target\":[\"http:\/\/ccnuclear.ca\/fr\/paisley\/\"]}]},{\"@type\":\"ImageObject\",\"inLanguage\":\"fr-FR\",\"@id\":\"http:\/\/ccnuclear.ca\/fr\/paisley\/#primaryimage\",\"url\":\"http:\/\/ccnuclear.ca\/wp-content\/uploads\/2025\/03\/CCN_ACQUISITION_web_2025-1024x693.jpg\",\"contentUrl\":\"http:\/\/ccnuclear.ca\/wp-content\/uploads\/2025\/03\/CCN_ACQUISITION_web_2025-1024x693.jpg\"},{\"@type\":\"BreadcrumbList\",\"@id\":\"http:\/\/ccnuclear.ca\/fr\/paisley\/#breadcrumb\",\"itemListElement\":[{\"@type\":\"ListItem\",\"position\":1,\"name\":\"Home\",\"item\":\"http:\/\/ccnuclear.ca\/fr\/\"},{\"@type\":\"ListItem\",\"position\":2,\"name\":\"Paisley\"}]},{\"@type\":\"WebSite\",\"@id\":\"https:\/\/ccnuclear.ca\/fr\/#website\",\"url\":\"https:\/\/ccnuclear.ca\/fr\/\",\"name\":\"CCNuclear\",\"description\":\"\",\"publisher\":{\"@id\":\"https:\/\/ccnuclear.ca\/fr\/#organization\"},\"potentialAction\":[{\"@type\":\"SearchAction\",\"target\":{\"@type\":\"EntryPoint\",\"urlTemplate\":\"https:\/\/ccnuclear.ca\/fr\/?s={search_term_string}\"},\"query-input\":{\"@type\":\"PropertyValueSpecification\",\"valueRequired\":true,\"valueName\":\"search_term_string\"}}],\"inLanguage\":\"fr-FR\"},{\"@type\":\"Organization\",\"@id\":\"https:\/\/ccnuclear.ca\/fr\/#organization\",\"name\":\"CCNuclear\",\"url\":\"https:\/\/ccnuclear.ca\/fr\/\",\"logo\":{\"@type\":\"ImageObject\",\"inLanguage\":\"fr-FR\",\"@id\":\"https:\/\/ccnuclear.ca\/fr\/#\/schema\/logo\/image\/\",\"url\":\"http:\/\/ccnuclear.ca\/wp-content\/uploads\/2024\/11\/CCNuclear-logo.jpg\",\"contentUrl\":\"http:\/\/ccnuclear.ca\/wp-content\/uploads\/2024\/11\/CCNuclear-logo.jpg\",\"width\":1000,\"height\":1000,\"caption\":\"CCNuclear\"},\"image\":{\"@id\":\"https:\/\/ccnuclear.ca\/fr\/#\/schema\/logo\/image\/\"},\"sameAs\":[\"https:\/\/www.linkedin.com\/company\/ccnuclear\/\"]}]}<\/script>\n<!-- \/ Yoast SEO plugin. -->","yoast_head_json":{"title":"Paisley - CCNuclear","robots":{"index":"index","follow":"follow","max-snippet":"max-snippet:-1","max-image-preview":"max-image-preview:large","max-video-preview":"max-video-preview:-1"},"canonical":"http:\/\/ccnuclear.ca\/fr\/paisley\/","og_locale":"fr_FR","og_type":"article","og_title":"Paisley - CCNuclear","og_description":"CCN \u00c9largit sa Pr\u00e9sence au Canada avec l\u2019Acquisition des Installations d\u2019Abraflex CCN, un leader dans la gestion des d\u00e9chets pour l\u2019industrie nucl\u00e9aire, est fier d\u2019annoncer l\u2019acquisition des installations d\u2019Abraflex situ\u00e9es \u00e0 Paisley, dans le comt\u00e9 de Bruce, en Ontario. Cette acquisition strat\u00e9gique renforce l\u2019engagement de CCN \u00e0 accro\u00eetre sa pr\u00e9sence au Canada et \u00e0 \u00e9largir [...]Lire la suite\u2026 from Paisley","og_url":"http:\/\/ccnuclear.ca\/fr\/paisley\/","og_site_name":"CCNuclear","article_modified_time":"2025-03-20T17:22:32+00:00","og_image":[{"url":"http:\/\/ccnuclear.ca\/wp-content\/uploads\/2025\/03\/CCN_ACQUISITION_web_2025-1024x693.jpg","type":"","width":"","height":""}],"twitter_card":"summary_large_image","twitter_misc":{"Dur\u00e9e de lecture estim\u00e9e":"3 minutes"},"schema":{"@context":"https:\/\/schema.org","@graph":[{"@type":"WebPage","@id":"http:\/\/ccnuclear.ca\/fr\/paisley\/","url":"http:\/\/ccnuclear.ca\/fr\/paisley\/","name":"Paisley - CCNuclear","isPartOf":{"@id":"https:\/\/ccnuclear.ca\/fr\/#website"},"primaryImageOfPage":{"@id":"http:\/\/ccnuclear.ca\/fr\/paisley\/#primaryimage"},"image":{"@id":"http:\/\/ccnuclear.ca\/fr\/paisley\/#primaryimage"},"thumbnailUrl":"http:\/\/ccnuclear.ca\/wp-content\/uploads\/2025\/03\/CCN_ACQUISITION_web_2025-1024x693.jpg","datePublished":"2025-03-19T18:15:05+00:00","dateModified":"2025-03-20T17:22:32+00:00","breadcrumb":{"@id":"http:\/\/ccnuclear.ca\/fr\/paisley\/#breadcrumb"},"inLanguage":"fr-FR","potentialAction":[{"@type":"ReadAction","target":["http:\/\/ccnuclear.ca\/fr\/paisley\/"]}]},{"@type":"ImageObject","inLanguage":"fr-FR","@id":"http:\/\/ccnuclear.ca\/fr\/paisley\/#primaryimage","url":"http:\/\/ccnuclear.ca\/wp-content\/uploads\/2025\/03\/CCN_ACQUISITION_web_2025-1024x693.jpg","contentUrl":"http:\/\/ccnuclear.ca\/wp-content\/uploads\/2025\/03\/CCN_ACQUISITION_web_2025-1024x693.jpg"},{"@type":"BreadcrumbList","@id":"http:\/\/ccnuclear.ca\/fr\/paisley\/#breadcrumb","itemListElement":[{"@type":"ListItem","position":1,"name":"Home","item":"http:\/\/ccnuclear.ca\/fr\/"},{"@type":"ListItem","position":2,"name":"Paisley"}]},{"@type":"WebSite","@id":"https:\/\/ccnuclear.ca\/fr\/#website","url":"https:\/\/ccnuclear.ca\/fr\/","name":"CCNuclear","description":"","publisher":{"@id":"https:\/\/ccnuclear.ca\/fr\/#organization"},"potentialAction":[{"@type":"SearchAction","target":{"@type":"EntryPoint","urlTemplate":"https:\/\/ccnuclear.ca\/fr\/?s={search_term_string}"},"query-input":{"@type":"PropertyValueSpecification","valueRequired":true,"valueName":"search_term_string"}}],"inLanguage":"fr-FR"},{"@type":"Organization","@id":"https:\/\/ccnuclear.ca\/fr\/#organization","name":"CCNuclear","url":"https:\/\/ccnuclear.ca\/fr\/","logo":{"@type":"ImageObject","inLanguage":"fr-FR","@id":"https:\/\/ccnuclear.ca\/fr\/#\/schema\/logo\/image\/","url":"http:\/\/ccnuclear.ca\/wp-content\/uploads\/2024\/11\/CCNuclear-logo.jpg","contentUrl":"http:\/\/ccnuclear.ca\/wp-content\/uploads\/2024\/11\/CCNuclear-logo.jpg","width":1000,"height":1000,"caption":"CCNuclear"},"image":{"@id":"https:\/\/ccnuclear.ca\/fr\/#\/schema\/logo\/image\/"},"sameAs":["https:\/\/www.linkedin.com\/company\/ccnuclear\/"]}]}},"_links":{"self":[{"href":"http:\/\/ccnuclear.ca\/fr\/wp-json\/wp\/v2\/pages\/2646","targetHints":{"allow":["GET"]}}],"collection":[{"href":"http:\/\/ccnuclear.ca\/fr\/wp-json\/wp\/v2\/pages"}],"about":[{"href":"http:\/\/ccnuclear.ca\/fr\/wp-json\/wp\/v2\/types\/page"}],"author":[{"embeddable":true,"href":"http:\/\/ccnuclear.ca\/fr\/wp-json\/wp\/v2\/users\/1"}],"replies":[{"embeddable":true,"href":"http:\/\/ccnuclear.ca\/fr\/wp-json\/wp\/v2\/comments?post=2646"}],"version-history":[{"count":0,"href":"http:\/\/ccnuclear.ca\/fr\/wp-json\/wp\/v2\/pages\/2646\/revisions"}],"wp:attachment":[{"href":"http:\/\/ccnuclear.ca\/fr\/wp-json\/wp\/v2\/media?parent=2646"}],"curies":[{"name":"wp","href":"https:\/\/api.w.org\/{rel}","templated":true}]}}