{"id":1515,"date":"2024-10-10T12:46:19","date_gmt":"2024-10-10T16:46:19","guid":{"rendered":"https:\/\/www.ccnuclear.ca\/a-propos\/affiliated-compagnies\/"},"modified":"2024-12-18T15:34:42","modified_gmt":"2024-12-18T20:34:42","slug":"compagnies-affiliees","status":"publish","type":"page","link":"http:\/\/ccnuclear.ca\/fr\/a-propos\/compagnies-affiliees\/","title":{"rendered":"Compagnies affili\u00e9es"},"content":{"rendered":"\t\t<div data-elementor-type=\"wp-page\" data-elementor-id=\"1515\" class=\"elementor elementor-1515 elementor-1226\" data-elementor-post-type=\"page\">\n\t\t\t\t\t\t<section class=\"elementor-section elementor-top-section elementor-element elementor-element-0121e6b elementor-section-full_width elementor-section-content-top animated-slow elementor-section-height-default elementor-section-height-default elementor-invisible\" data-id=\"0121e6b\" data-element_type=\"section\" data-settings=\"{&quot;animation&quot;:&quot;fadeInUp&quot;}\">\n\t\t\t\t\t\t<div class=\"elementor-container elementor-column-gap-default\">\n\t\t\t\t\t<div class=\"elementor-column elementor-col-33 elementor-top-column elementor-element elementor-element-c15ef67\" data-id=\"c15ef67\" data-element_type=\"column\">\n\t\t\t<div class=\"elementor-widget-wrap elementor-element-populated\">\n\t\t\t\t\t\t<div class=\"elementor-element elementor-element-c3e2bd6 elementor-widget elementor-widget-image\" data-id=\"c3e2bd6\" data-element_type=\"widget\" data-widget_type=\"image.default\">\n\t\t\t\t<div class=\"elementor-widget-container\">\n\t\t\t\t\t\t\t\t\t\t\t\t\t\t\t<img fetchpriority=\"high\" decoding=\"async\" width=\"640\" height=\"640\" src=\"http:\/\/ccnuclear.ca\/wp-content\/uploads\/2024\/10\/CCNuclear_Logo-04.svg\" class=\"attachment-large size-large wp-image-594\" alt=\"\" \/>\t\t\t\t\t\t\t\t\t\t\t\t\t\t\t<\/div>\n\t\t\t\t<\/div>\n\t\t\t\t<div class=\"elementor-element elementor-element-43e76be elementor-widget elementor-widget-text-editor\" data-id=\"43e76be\" data-element_type=\"widget\" data-widget_type=\"text-editor.default\">\n\t\t\t\t<div class=\"elementor-widget-container\">\n\t\t\t\t\t\t\t\t\t<p><span data-contrast=\"auto\">Fournisseur d\u2019\u00e9quipements et entrepreneur g\u00e9n\u00e9ral, fournissant \u00e0 l\u2019industrie nucl\u00e9aire des solutions globales innovantes pour la gestion des mati\u00e8res radioactives.<\/span><span data-ccp-props=\"{&quot;201341983&quot;:0,&quot;335551550&quot;:6,&quot;335551620&quot;:6,&quot;335559738&quot;:240,&quot;335559739&quot;:120,&quot;335559740&quot;:276}\">\u00a0<\/span><\/p>\t\t\t\t\t\t\t\t<\/div>\n\t\t\t\t<\/div>\n\t\t\t\t\t<\/div>\n\t\t<\/div>\n\t\t\t\t<div class=\"elementor-column elementor-col-33 elementor-top-column elementor-element elementor-element-800e61b\" data-id=\"800e61b\" data-element_type=\"column\">\n\t\t\t<div class=\"elementor-widget-wrap elementor-element-populated\">\n\t\t\t\t\t\t<div class=\"elementor-element elementor-element-d3a9d7b elementor-widget elementor-widget-image\" data-id=\"d3a9d7b\" data-element_type=\"widget\" data-widget_type=\"image.default\">\n\t\t\t\t<div class=\"elementor-widget-container\">\n\t\t\t\t\t\t\t\t\t\t\t\t\t\t\t<img decoding=\"async\" width=\"640\" height=\"256\" src=\"http:\/\/ccnuclear.ca\/wp-content\/uploads\/2024\/10\/RC14_Logo-blanc-crop-1024x409.png\" class=\"attachment-large size-large wp-image-1327\" alt=\"RC14 Logo\" srcset=\"http:\/\/ccnuclear.ca\/wp-content\/uploads\/2024\/10\/RC14_Logo-blanc-crop-1024x409.png 1024w, http:\/\/ccnuclear.ca\/wp-content\/uploads\/2024\/10\/RC14_Logo-blanc-crop-300x120.png 300w, http:\/\/ccnuclear.ca\/wp-content\/uploads\/2024\/10\/RC14_Logo-blanc-crop-768x307.png 768w, http:\/\/ccnuclear.ca\/wp-content\/uploads\/2024\/10\/RC14_Logo-blanc-crop-1536x613.png 1536w, http:\/\/ccnuclear.ca\/wp-content\/uploads\/2024\/10\/RC14_Logo-blanc-crop-2048x818.png 2048w\" sizes=\"(max-width: 640px) 100vw, 640px\" \/>\t\t\t\t\t\t\t\t\t\t\t\t\t\t\t<\/div>\n\t\t\t\t<\/div>\n\t\t\t\t<div class=\"elementor-element elementor-element-a80d09f elementor-widget elementor-widget-text-editor\" data-id=\"a80d09f\" data-element_type=\"widget\" data-widget_type=\"text-editor.default\">\n\t\t\t\t<div class=\"elementor-widget-container\">\n\t\t\t\t\t\t\t\t\t<p><span data-contrast=\"auto\">Producteur d\u2019isotopes <\/span><span data-contrast=\"auto\">14<\/span><span data-contrast=\"auto\">C pour l\u2019industrie pharmaceutique et agrochimique.<\/span><span data-ccp-props=\"{&quot;201341983&quot;:0,&quot;335551550&quot;:6,&quot;335551620&quot;:6,&quot;335559738&quot;:240,&quot;335559739&quot;:120,&quot;335559740&quot;:276}\">\u00a0<\/span><\/p>\t\t\t\t\t\t\t\t<\/div>\n\t\t\t\t<\/div>\n\t\t\t\t\t<\/div>\n\t\t<\/div>\n\t\t\t\t<div class=\"elementor-column elementor-col-33 elementor-top-column elementor-element elementor-element-9916acf\" data-id=\"9916acf\" data-element_type=\"column\">\n\t\t\t<div class=\"elementor-widget-wrap elementor-element-populated\">\n\t\t\t\t\t\t<div class=\"elementor-element elementor-element-ed296a7 elementor-widget elementor-widget-image\" data-id=\"ed296a7\" data-element_type=\"widget\" data-widget_type=\"image.default\">\n\t\t\t\t<div class=\"elementor-widget-container\">\n\t\t\t\t\t\t\t\t\t\t\t\t\t\t\t<img decoding=\"async\" width=\"640\" height=\"151\" src=\"http:\/\/ccnuclear.ca\/wp-content\/uploads\/2024\/10\/Lemer-Pax-America--1024x242.png\" class=\"attachment-large size-large wp-image-1320\" alt=\"Lemer Pax America\" srcset=\"http:\/\/ccnuclear.ca\/wp-content\/uploads\/2024\/10\/Lemer-Pax-America--1024x242.png 1024w, http:\/\/ccnuclear.ca\/wp-content\/uploads\/2024\/10\/Lemer-Pax-America--300x71.png 300w, http:\/\/ccnuclear.ca\/wp-content\/uploads\/2024\/10\/Lemer-Pax-America--768x181.png 768w, http:\/\/ccnuclear.ca\/wp-content\/uploads\/2024\/10\/Lemer-Pax-America--1536x363.png 1536w, http:\/\/ccnuclear.ca\/wp-content\/uploads\/2024\/10\/Lemer-Pax-America--2048x484.png 2048w\" sizes=\"(max-width: 640px) 100vw, 640px\" \/>\t\t\t\t\t\t\t\t\t\t\t\t\t\t\t<\/div>\n\t\t\t\t<\/div>\n\t\t\t\t<div class=\"elementor-element elementor-element-c32a816 elementor-widget elementor-widget-text-editor\" data-id=\"c32a816\" data-element_type=\"widget\" data-widget_type=\"text-editor.default\">\n\t\t\t\t<div class=\"elementor-widget-container\">\n\t\t\t\t\t\t\t\t\t<p><span data-contrast=\"auto\">Fournisseur d\u2019\u00e9quipements et fabricant de dispositifs m\u00e9dicaux utilis\u00e9s pour la manipulation s\u00e9curitaire et l\u2019injection d\u2019isotopes m\u00e9dicaux.<\/span><span data-ccp-props=\"{&quot;201341983&quot;:0,&quot;335551550&quot;:6,&quot;335551620&quot;:6,&quot;335559738&quot;:240,&quot;335559739&quot;:120,&quot;335559740&quot;:276}\">\u00a0<\/span><\/p>\t\t\t\t\t\t\t\t<\/div>\n\t\t\t\t<\/div>\n\t\t\t\t\t<\/div>\n\t\t<\/div>\n\t\t\t\t\t<\/div>\n\t\t<\/section>\n\t\t\t\t<\/div>\n\t\t","protected":false},"excerpt":{"rendered":"<p>Fournisseur d\u2019\u00e9quipements et entrepreneur g\u00e9n\u00e9ral, fournissant \u00e0 l\u2019industrie nucl\u00e9aire des solutions globales innovantes pour la gestion des mati\u00e8res radioactives.\u00a0 Producteur d\u2019isotopes 14C pour l\u2019industrie pharmaceutique et agrochimique.\u00a0 Fournisseur d\u2019\u00e9quipements et fabricant de dispositifs m\u00e9dicaux utilis\u00e9s pour la manipulation s\u00e9curitaire et l\u2019injection d\u2019isotopes m\u00e9dicaux.\u00a0 [&#8230;]<\/p>\n<p><a class=\"btn btn-secondary understrap-read-more-link\" href=\"http:\/\/ccnuclear.ca\/fr\/a-propos\/compagnies-affiliees\/\">Lire la suite\u2026<span class=\"screen-reader-text\"> from Compagnies affili\u00e9es<\/span><\/a><\/p>\n","protected":false},"author":1,"featured_media":0,"parent":1428,"menu_order":6,"comment_status":"closed","ping_status":"closed","template":"","meta":{"_acf_changed":false,"inline_featured_image":false,"footnotes":""},"class_list":["post-1515","page","type-page","status-publish","hentry"],"acf":[],"yoast_head":"<!-- This site is optimized with the Yoast SEO plugin v26.8 - https:\/\/yoast.com\/product\/yoast-seo-wordpress\/ -->\n<title>Compagnies affili\u00e9es - CCNuclear<\/title>\n<meta name=\"description\" content=\"Les compagnies affili\u00e9es de CCNucl\u00e9aire, leaders en fourniture d\u2019\u00e9quipements et solutions innovantes pour l&#039;industrie nucl\u00e9aire, pharmaceutique et m\u00e9dicale.\" \/>\n<meta name=\"robots\" content=\"index, follow, max-snippet:-1, max-image-preview:large, max-video-preview:-1\" \/>\n<link rel=\"canonical\" href=\"http:\/\/ccnuclear.ca\/fr\/a-propos\/compagnies-affiliees\/\" \/>\n<meta property=\"og:locale\" content=\"fr_FR\" \/>\n<meta property=\"og:type\" content=\"article\" \/>\n<meta property=\"og:title\" content=\"Compagnies affili\u00e9es - CCNuclear\" \/>\n<meta property=\"og:description\" content=\"Les compagnies affili\u00e9es de CCNucl\u00e9aire, leaders en fourniture d\u2019\u00e9quipements et solutions innovantes pour l&#039;industrie nucl\u00e9aire, pharmaceutique et m\u00e9dicale.\" \/>\n<meta property=\"og:url\" content=\"http:\/\/ccnuclear.ca\/fr\/a-propos\/compagnies-affiliees\/\" \/>\n<meta property=\"og:site_name\" content=\"CCNuclear\" \/>\n<meta property=\"article:modified_time\" content=\"2024-12-18T20:34:42+00:00\" \/>\n<meta property=\"og:image\" content=\"http:\/\/ccnuclear.ca\/wp-content\/uploads\/2024\/10\/CCNuclear_Logo-04.svg\" \/>\n<meta name=\"twitter:card\" content=\"summary_large_image\" \/>\n<meta name=\"twitter:label1\" content=\"Dur\u00e9e de lecture estim\u00e9e\" \/>\n\t<meta name=\"twitter:data1\" content=\"1 minute\" \/>\n<script type=\"application\/ld+json\" class=\"yoast-schema-graph\">{\"@context\":\"https:\/\/schema.org\",\"@graph\":[{\"@type\":\"WebPage\",\"@id\":\"http:\/\/ccnuclear.ca\/fr\/a-propos\/compagnies-affiliees\/\",\"url\":\"http:\/\/ccnuclear.ca\/fr\/a-propos\/compagnies-affiliees\/\",\"name\":\"Compagnies affili\u00e9es - CCNuclear\",\"isPartOf\":{\"@id\":\"http:\/\/ccnuclear.ca\/fr\/#website\"},\"primaryImageOfPage\":{\"@id\":\"http:\/\/ccnuclear.ca\/fr\/a-propos\/compagnies-affiliees\/#primaryimage\"},\"image\":{\"@id\":\"http:\/\/ccnuclear.ca\/fr\/a-propos\/compagnies-affiliees\/#primaryimage\"},\"thumbnailUrl\":\"http:\/\/ccnuclear.ca\/wp-content\/uploads\/2024\/10\/CCNuclear_Logo-04.svg\",\"datePublished\":\"2024-10-10T16:46:19+00:00\",\"dateModified\":\"2024-12-18T20:34:42+00:00\",\"description\":\"Les compagnies affili\u00e9es de CCNucl\u00e9aire, leaders en fourniture d\u2019\u00e9quipements et solutions innovantes pour l'industrie nucl\u00e9aire, pharmaceutique et m\u00e9dicale.\",\"breadcrumb\":{\"@id\":\"http:\/\/ccnuclear.ca\/fr\/a-propos\/compagnies-affiliees\/#breadcrumb\"},\"inLanguage\":\"fr-FR\",\"potentialAction\":[{\"@type\":\"ReadAction\",\"target\":[\"http:\/\/ccnuclear.ca\/fr\/a-propos\/compagnies-affiliees\/\"]}]},{\"@type\":\"ImageObject\",\"inLanguage\":\"fr-FR\",\"@id\":\"http:\/\/ccnuclear.ca\/fr\/a-propos\/compagnies-affiliees\/#primaryimage\",\"url\":\"http:\/\/ccnuclear.ca\/wp-content\/uploads\/2024\/10\/CCNuclear_Logo-04.svg\",\"contentUrl\":\"http:\/\/ccnuclear.ca\/wp-content\/uploads\/2024\/10\/CCNuclear_Logo-04.svg\"},{\"@type\":\"BreadcrumbList\",\"@id\":\"http:\/\/ccnuclear.ca\/fr\/a-propos\/compagnies-affiliees\/#breadcrumb\",\"itemListElement\":[{\"@type\":\"ListItem\",\"position\":1,\"name\":\"Home\",\"item\":\"https:\/\/ccnuclear.ca\/fr\/\"},{\"@type\":\"ListItem\",\"position\":2,\"name\":\"\u00c0 propos\",\"item\":\"http:\/\/ccnuclear.ca\/fr\/a-propos\/\"},{\"@type\":\"ListItem\",\"position\":3,\"name\":\"Compagnies affili\u00e9es\"}]},{\"@type\":\"WebSite\",\"@id\":\"http:\/\/ccnuclear.ca\/fr\/#website\",\"url\":\"http:\/\/ccnuclear.ca\/fr\/\",\"name\":\"CCNuclear\",\"description\":\"\",\"publisher\":{\"@id\":\"http:\/\/ccnuclear.ca\/fr\/#organization\"},\"potentialAction\":[{\"@type\":\"SearchAction\",\"target\":{\"@type\":\"EntryPoint\",\"urlTemplate\":\"http:\/\/ccnuclear.ca\/fr\/?s={search_term_string}\"},\"query-input\":{\"@type\":\"PropertyValueSpecification\",\"valueRequired\":true,\"valueName\":\"search_term_string\"}}],\"inLanguage\":\"fr-FR\"},{\"@type\":\"Organization\",\"@id\":\"http:\/\/ccnuclear.ca\/fr\/#organization\",\"name\":\"CCNuclear\",\"url\":\"http:\/\/ccnuclear.ca\/fr\/\",\"logo\":{\"@type\":\"ImageObject\",\"inLanguage\":\"fr-FR\",\"@id\":\"http:\/\/ccnuclear.ca\/fr\/#\/schema\/logo\/image\/\",\"url\":\"http:\/\/ccnuclear.ca\/wp-content\/uploads\/2024\/11\/CCNuclear-logo.jpg\",\"contentUrl\":\"http:\/\/ccnuclear.ca\/wp-content\/uploads\/2024\/11\/CCNuclear-logo.jpg\",\"width\":1000,\"height\":1000,\"caption\":\"CCNuclear\"},\"image\":{\"@id\":\"http:\/\/ccnuclear.ca\/fr\/#\/schema\/logo\/image\/\"},\"sameAs\":[\"https:\/\/www.linkedin.com\/company\/ccnuclear\/\"]}]}<\/script>\n<!-- \/ Yoast SEO plugin. -->","yoast_head_json":{"title":"Compagnies affili\u00e9es - CCNuclear","description":"Les compagnies affili\u00e9es de CCNucl\u00e9aire, leaders en fourniture d\u2019\u00e9quipements et solutions innovantes pour l'industrie nucl\u00e9aire, pharmaceutique et m\u00e9dicale.","robots":{"index":"index","follow":"follow","max-snippet":"max-snippet:-1","max-image-preview":"max-image-preview:large","max-video-preview":"max-video-preview:-1"},"canonical":"http:\/\/ccnuclear.ca\/fr\/a-propos\/compagnies-affiliees\/","og_locale":"fr_FR","og_type":"article","og_title":"Compagnies affili\u00e9es - CCNuclear","og_description":"Les compagnies affili\u00e9es de CCNucl\u00e9aire, leaders en fourniture d\u2019\u00e9quipements et solutions innovantes pour l'industrie nucl\u00e9aire, pharmaceutique et m\u00e9dicale.","og_url":"http:\/\/ccnuclear.ca\/fr\/a-propos\/compagnies-affiliees\/","og_site_name":"CCNuclear","article_modified_time":"2024-12-18T20:34:42+00:00","og_image":[{"url":"http:\/\/ccnuclear.ca\/wp-content\/uploads\/2024\/10\/CCNuclear_Logo-04.svg","type":"","width":"","height":""}],"twitter_card":"summary_large_image","twitter_misc":{"Dur\u00e9e de lecture estim\u00e9e":"1 minute"},"schema":{"@context":"https:\/\/schema.org","@graph":[{"@type":"WebPage","@id":"http:\/\/ccnuclear.ca\/fr\/a-propos\/compagnies-affiliees\/","url":"http:\/\/ccnuclear.ca\/fr\/a-propos\/compagnies-affiliees\/","name":"Compagnies affili\u00e9es - CCNuclear","isPartOf":{"@id":"http:\/\/ccnuclear.ca\/fr\/#website"},"primaryImageOfPage":{"@id":"http:\/\/ccnuclear.ca\/fr\/a-propos\/compagnies-affiliees\/#primaryimage"},"image":{"@id":"http:\/\/ccnuclear.ca\/fr\/a-propos\/compagnies-affiliees\/#primaryimage"},"thumbnailUrl":"http:\/\/ccnuclear.ca\/wp-content\/uploads\/2024\/10\/CCNuclear_Logo-04.svg","datePublished":"2024-10-10T16:46:19+00:00","dateModified":"2024-12-18T20:34:42+00:00","description":"Les compagnies affili\u00e9es de CCNucl\u00e9aire, leaders en fourniture d\u2019\u00e9quipements et solutions innovantes pour l'industrie nucl\u00e9aire, pharmaceutique et m\u00e9dicale.","breadcrumb":{"@id":"http:\/\/ccnuclear.ca\/fr\/a-propos\/compagnies-affiliees\/#breadcrumb"},"inLanguage":"fr-FR","potentialAction":[{"@type":"ReadAction","target":["http:\/\/ccnuclear.ca\/fr\/a-propos\/compagnies-affiliees\/"]}]},{"@type":"ImageObject","inLanguage":"fr-FR","@id":"http:\/\/ccnuclear.ca\/fr\/a-propos\/compagnies-affiliees\/#primaryimage","url":"http:\/\/ccnuclear.ca\/wp-content\/uploads\/2024\/10\/CCNuclear_Logo-04.svg","contentUrl":"http:\/\/ccnuclear.ca\/wp-content\/uploads\/2024\/10\/CCNuclear_Logo-04.svg"},{"@type":"BreadcrumbList","@id":"http:\/\/ccnuclear.ca\/fr\/a-propos\/compagnies-affiliees\/#breadcrumb","itemListElement":[{"@type":"ListItem","position":1,"name":"Home","item":"https:\/\/ccnuclear.ca\/fr\/"},{"@type":"ListItem","position":2,"name":"\u00c0 propos","item":"http:\/\/ccnuclear.ca\/fr\/a-propos\/"},{"@type":"ListItem","position":3,"name":"Compagnies affili\u00e9es"}]},{"@type":"WebSite","@id":"http:\/\/ccnuclear.ca\/fr\/#website","url":"http:\/\/ccnuclear.ca\/fr\/","name":"CCNuclear","description":"","publisher":{"@id":"http:\/\/ccnuclear.ca\/fr\/#organization"},"potentialAction":[{"@type":"SearchAction","target":{"@type":"EntryPoint","urlTemplate":"http:\/\/ccnuclear.ca\/fr\/?s={search_term_string}"},"query-input":{"@type":"PropertyValueSpecification","valueRequired":true,"valueName":"search_term_string"}}],"inLanguage":"fr-FR"},{"@type":"Organization","@id":"http:\/\/ccnuclear.ca\/fr\/#organization","name":"CCNuclear","url":"http:\/\/ccnuclear.ca\/fr\/","logo":{"@type":"ImageObject","inLanguage":"fr-FR","@id":"http:\/\/ccnuclear.ca\/fr\/#\/schema\/logo\/image\/","url":"http:\/\/ccnuclear.ca\/wp-content\/uploads\/2024\/11\/CCNuclear-logo.jpg","contentUrl":"http:\/\/ccnuclear.ca\/wp-content\/uploads\/2024\/11\/CCNuclear-logo.jpg","width":1000,"height":1000,"caption":"CCNuclear"},"image":{"@id":"http:\/\/ccnuclear.ca\/fr\/#\/schema\/logo\/image\/"},"sameAs":["https:\/\/www.linkedin.com\/company\/ccnuclear\/"]}]}},"_links":{"self":[{"href":"http:\/\/ccnuclear.ca\/fr\/wp-json\/wp\/v2\/pages\/1515","targetHints":{"allow":["GET"]}}],"collection":[{"href":"http:\/\/ccnuclear.ca\/fr\/wp-json\/wp\/v2\/pages"}],"about":[{"href":"http:\/\/ccnuclear.ca\/fr\/wp-json\/wp\/v2\/types\/page"}],"author":[{"embeddable":true,"href":"http:\/\/ccnuclear.ca\/fr\/wp-json\/wp\/v2\/users\/1"}],"replies":[{"embeddable":true,"href":"http:\/\/ccnuclear.ca\/fr\/wp-json\/wp\/v2\/comments?post=1515"}],"version-history":[{"count":0,"href":"http:\/\/ccnuclear.ca\/fr\/wp-json\/wp\/v2\/pages\/1515\/revisions"}],"up":[{"embeddable":true,"href":"http:\/\/ccnuclear.ca\/fr\/wp-json\/wp\/v2\/pages\/1428"}],"wp:attachment":[{"href":"http:\/\/ccnuclear.ca\/fr\/wp-json\/wp\/v2\/media?parent=1515"}],"curies":[{"name":"wp","href":"https:\/\/api.w.org\/{rel}","templated":true}]}}