{"id":1511,"date":"2024-11-18T16:36:07","date_gmt":"2024-11-18T21:36:07","guid":{"rendered":"https:\/\/www.ccnuclear.ca\/?page_id=1511"},"modified":"2024-11-18T16:36:07","modified_gmt":"2024-11-18T21:36:07","slug":"politique-relative-aux-cookies","status":"publish","type":"page","link":"http:\/\/ccnuclear.ca\/fr\/politique-relative-aux-cookies\/","title":{"rendered":"Politique relative aux cookies"},"content":{"rendered":"<p>Date d&rsquo;entr\u00e9e en vigueur : 18-Nov-2024<br \/>\nDerni\u00e8re mise \u00e0 jour : 18-Nov-2024<\/p>\n<p>&nbsp;<\/p>\n<h5>Qu&rsquo;est-ce que les cookies ?<\/h5>\n<div class=\"cookie-policy-p\">\n<p>Cette Politique relative aux cookies explique ce que sont les cookies et comment nous les utilisons, les types de cookies que nous utilisons, c\u2019est-\u00e0-dire les informations que nous collectons \u00e0 l&rsquo;aide des cookies et comment ces informations sont utilis\u00e9es, ainsi que la mani\u00e8re de g\u00e9rer les param\u00e8tres des cookies.<\/p>\n<p>Les cookies sont de petits fichiers texte utilis\u00e9s pour stocker de petites quantit\u00e9s d&rsquo;informations. Ils sont stock\u00e9s sur votre appareil lorsque le site Web est charg\u00e9 sur votre navigateur. Ces cookies nous aident \u00e0 faire fonctionner correctement le site Web, \u00e0 le rendre plus s\u00e9curis\u00e9, \u00e0 offrir une meilleure exp\u00e9rience utilisateur, \u00e0 comprendre les performances du site Web et \u00e0 analyser ce qui fonctionne et o\u00f9 il doit \u00eatre am\u00e9lior\u00e9.<\/p>\n<\/div>\n<p>&nbsp;<\/p>\n<h5>Comment utilisons-nous les cookies ?<\/h5>\n<div class=\"cookie-policy-p\">\n<p>Comme la plupart des services en ligne, notre site Web utilise des cookies internes et des cookies tiers pour plusieurs finalit\u00e9s. Les cookies internes sont principalement n\u00e9cessaires pour que le site Web fonctionne correctement et ne collectent aucune de vos donn\u00e9es personnelles identifiables.<\/p>\n<p>Les cookies tiers utilis\u00e9s sur notre site Web sont principalement destin\u00e9s \u00e0 comprendre les performances du site Web, \u00e0 analyser vos interactions avec notre site Web, \u00e0 s\u00e9curiser nos services, \u00e0 diffuser des publicit\u00e9s pertinentes pour vous, et globalement \u00e0 vous offrir une exp\u00e9rience utilisateur meilleure et am\u00e9lior\u00e9e ainsi qu&rsquo;\u00e0 acc\u00e9l\u00e9rer vos futures interactions avec notre site Web.<\/p>\n<\/div>\n<p>&nbsp;<\/p>\n<h5>Types de cookies que nous utilisons<\/h5>\n<div class=\"cky-audit-table-element\"><\/div>\n<p>&nbsp;<\/p>\n<h5 style=\"margin-bottom: 20px;\">G\u00e9rer vos pr\u00e9f\u00e9rences de cookies<\/h5>\n<p><a class=\"cky-banner-element\">Param\u00e8tres des cookies<\/a><\/p>\n<div>\n<p>Vous pouvez modifier vos pr\u00e9f\u00e9rences en mati\u00e8re de cookies \u00e0 tout moment en cliquant sur le bouton ci-dessus. Cela vous permettra de revisiter la banni\u00e8re de consentement aux cookies et de modifier vos pr\u00e9f\u00e9rences ou de retirer votre consentement imm\u00e9diatement.<\/p>\n<p>En outre, diff\u00e9rents navigateurs fournissent diff\u00e9rentes m\u00e9thodes pour bloquer et supprimer les cookies utilis\u00e9s par les sites Web. Vous pouvez modifier les param\u00e8tres de votre navigateur pour bloquer\/supprimer les cookies. Voici les liens vers les documents d&rsquo;assistance sur la gestion et la suppression des cookies pour les principaux navigateurs Web :<\/p>\n<p>Chrome : <a href=\"https:\/\/support.google.com\/accounts\/answer\/32050\" target=\"_blank\" rel=\"noopener\">https:\/\/support.google.com\/accounts\/answer\/32050<\/a><\/p>\n<p>Safari : <a href=\"https:\/\/support.apple.com\/en-in\/guide\/safari\/sfri11471\/mac\" target=\"_blank\" rel=\"noopener\">https:\/\/support.apple.com\/en-in\/guide\/safari\/sfri11471\/mac<\/a><\/p>\n<p>Firefox : <a href=\"https:\/\/support.mozilla.org\/fr\/kb\/effacer-les-cookies-et-les-donnees-des-sites\" target=\"_blank\" rel=\"noopener\">https:\/\/support.mozilla.org\/fr\/kb\/effacer-les-cookies-et-les-donnees-des-sites<\/a><\/p>\n<p>Internet Explorer : <a href=\"https:\/\/support.microsoft.com\/fr-fr\/topic\/supprimer-les-fichiers-de-cookie-dans-internet-explorer-bca9446f-d873-78de-77ba-d42645fa52fc\" target=\"_blank\" rel=\"noopener\">https:\/\/support.microsoft.com\/fr-fr\/topic\/supprimer-les-fichiers-de-cookie-dans-internet-explorer-bca9446f-d873-78de-77ba-d42645fa52fc<\/a><\/p>\n<p>Si vous utilisez un autre navigateur, veuillez consulter les documents officiels d&rsquo;assistance de votre navigateur.<\/p>\n<\/div>\n","protected":false},"excerpt":{"rendered":"<p>Date d&rsquo;entr\u00e9e en vigueur : 18-Nov-2024 Derni\u00e8re mise \u00e0 jour : 18-Nov-2024 &nbsp; Qu&rsquo;est-ce que les cookies ? Cette Politique relative aux cookies explique ce que sont les cookies et comment nous les utilisons, les types de cookies que nous utilisons, c\u2019est-\u00e0-dire les informations que nous collectons \u00e0 l&rsquo;aide des cookies et comment ces informations [&#8230;]<\/p>\n<p><a class=\"btn btn-secondary understrap-read-more-link\" href=\"http:\/\/ccnuclear.ca\/fr\/politique-relative-aux-cookies\/\">Lire la suite\u2026<span class=\"screen-reader-text\"> from Politique relative aux cookies<\/span><\/a><\/p>\n","protected":false},"author":1,"featured_media":0,"parent":0,"menu_order":8,"comment_status":"closed","ping_status":"closed","template":"","meta":{"_acf_changed":false,"inline_featured_image":false,"footnotes":""},"class_list":["post-1511","page","type-page","status-publish","hentry"],"acf":[],"yoast_head":"<!-- This site is optimized with the Yoast SEO plugin v26.8 - https:\/\/yoast.com\/product\/yoast-seo-wordpress\/ -->\n<title>Politique relative aux cookies - CCNuclear<\/title>\n<meta name=\"robots\" content=\"index, follow, max-snippet:-1, max-image-preview:large, max-video-preview:-1\" \/>\n<link rel=\"canonical\" href=\"http:\/\/ccnuclear.ca\/fr\/politique-relative-aux-cookies\/\" \/>\n<meta property=\"og:locale\" content=\"fr_FR\" \/>\n<meta property=\"og:type\" content=\"article\" \/>\n<meta property=\"og:title\" content=\"Politique relative aux cookies - CCNuclear\" \/>\n<meta property=\"og:description\" content=\"Date d&rsquo;entr\u00e9e en vigueur : 18-Nov-2024 Derni\u00e8re mise \u00e0 jour : 18-Nov-2024 &nbsp; Qu&rsquo;est-ce que les cookies ? Cette Politique relative aux cookies explique ce que sont les cookies et comment nous les utilisons, les types de cookies que nous utilisons, c\u2019est-\u00e0-dire les informations que nous collectons \u00e0 l&rsquo;aide des cookies et comment ces informations [...]Lire la suite\u2026 from Politique relative aux cookies\" \/>\n<meta property=\"og:url\" content=\"http:\/\/ccnuclear.ca\/fr\/politique-relative-aux-cookies\/\" \/>\n<meta property=\"og:site_name\" content=\"CCNuclear\" \/>\n<meta property=\"og:image\" content=\"http:\/\/ccnuclear.ca\/wp-content\/uploads\/2024\/11\/CCNuclear-logo.jpg\" \/>\n\t<meta property=\"og:image:width\" content=\"1000\" \/>\n\t<meta property=\"og:image:height\" content=\"1000\" \/>\n\t<meta property=\"og:image:type\" content=\"image\/jpeg\" \/>\n<meta name=\"twitter:card\" content=\"summary_large_image\" \/>\n<meta name=\"twitter:label1\" content=\"Dur\u00e9e de lecture estim\u00e9e\" \/>\n\t<meta name=\"twitter:data1\" content=\"2 minutes\" \/>\n<script type=\"application\/ld+json\" class=\"yoast-schema-graph\">{\"@context\":\"https:\/\/schema.org\",\"@graph\":[{\"@type\":\"WebPage\",\"@id\":\"http:\/\/ccnuclear.ca\/fr\/politique-relative-aux-cookies\/\",\"url\":\"http:\/\/ccnuclear.ca\/fr\/politique-relative-aux-cookies\/\",\"name\":\"Politique relative aux cookies - CCNuclear\",\"isPartOf\":{\"@id\":\"http:\/\/ccnuclear.ca\/fr\/#website\"},\"datePublished\":\"2024-11-18T21:36:07+00:00\",\"breadcrumb\":{\"@id\":\"http:\/\/ccnuclear.ca\/fr\/politique-relative-aux-cookies\/#breadcrumb\"},\"inLanguage\":\"fr-FR\",\"potentialAction\":[{\"@type\":\"ReadAction\",\"target\":[\"http:\/\/ccnuclear.ca\/fr\/politique-relative-aux-cookies\/\"]}]},{\"@type\":\"BreadcrumbList\",\"@id\":\"http:\/\/ccnuclear.ca\/fr\/politique-relative-aux-cookies\/#breadcrumb\",\"itemListElement\":[{\"@type\":\"ListItem\",\"position\":1,\"name\":\"Home\",\"item\":\"https:\/\/ccnuclear.ca\/fr\/\"},{\"@type\":\"ListItem\",\"position\":2,\"name\":\"Politique relative aux cookies\"}]},{\"@type\":\"WebSite\",\"@id\":\"http:\/\/ccnuclear.ca\/fr\/#website\",\"url\":\"http:\/\/ccnuclear.ca\/fr\/\",\"name\":\"CCNuclear\",\"description\":\"\",\"publisher\":{\"@id\":\"http:\/\/ccnuclear.ca\/fr\/#organization\"},\"potentialAction\":[{\"@type\":\"SearchAction\",\"target\":{\"@type\":\"EntryPoint\",\"urlTemplate\":\"http:\/\/ccnuclear.ca\/fr\/?s={search_term_string}\"},\"query-input\":{\"@type\":\"PropertyValueSpecification\",\"valueRequired\":true,\"valueName\":\"search_term_string\"}}],\"inLanguage\":\"fr-FR\"},{\"@type\":\"Organization\",\"@id\":\"http:\/\/ccnuclear.ca\/fr\/#organization\",\"name\":\"CCNuclear\",\"url\":\"http:\/\/ccnuclear.ca\/fr\/\",\"logo\":{\"@type\":\"ImageObject\",\"inLanguage\":\"fr-FR\",\"@id\":\"http:\/\/ccnuclear.ca\/fr\/#\/schema\/logo\/image\/\",\"url\":\"http:\/\/ccnuclear.ca\/wp-content\/uploads\/2024\/11\/CCNuclear-logo.jpg\",\"contentUrl\":\"http:\/\/ccnuclear.ca\/wp-content\/uploads\/2024\/11\/CCNuclear-logo.jpg\",\"width\":1000,\"height\":1000,\"caption\":\"CCNuclear\"},\"image\":{\"@id\":\"http:\/\/ccnuclear.ca\/fr\/#\/schema\/logo\/image\/\"},\"sameAs\":[\"https:\/\/www.linkedin.com\/company\/ccnuclear\/\"]}]}<\/script>\n<!-- \/ Yoast SEO plugin. -->","yoast_head_json":{"title":"Politique relative aux cookies - CCNuclear","robots":{"index":"index","follow":"follow","max-snippet":"max-snippet:-1","max-image-preview":"max-image-preview:large","max-video-preview":"max-video-preview:-1"},"canonical":"http:\/\/ccnuclear.ca\/fr\/politique-relative-aux-cookies\/","og_locale":"fr_FR","og_type":"article","og_title":"Politique relative aux cookies - CCNuclear","og_description":"Date d&rsquo;entr\u00e9e en vigueur : 18-Nov-2024 Derni\u00e8re mise \u00e0 jour : 18-Nov-2024 &nbsp; Qu&rsquo;est-ce que les cookies ? Cette Politique relative aux cookies explique ce que sont les cookies et comment nous les utilisons, les types de cookies que nous utilisons, c\u2019est-\u00e0-dire les informations que nous collectons \u00e0 l&rsquo;aide des cookies et comment ces informations [...]Lire la suite\u2026 from Politique relative aux cookies","og_url":"http:\/\/ccnuclear.ca\/fr\/politique-relative-aux-cookies\/","og_site_name":"CCNuclear","og_image":[{"width":1000,"height":1000,"url":"http:\/\/ccnuclear.ca\/wp-content\/uploads\/2024\/11\/CCNuclear-logo.jpg","type":"image\/jpeg"}],"twitter_card":"summary_large_image","twitter_misc":{"Dur\u00e9e de lecture estim\u00e9e":"2 minutes"},"schema":{"@context":"https:\/\/schema.org","@graph":[{"@type":"WebPage","@id":"http:\/\/ccnuclear.ca\/fr\/politique-relative-aux-cookies\/","url":"http:\/\/ccnuclear.ca\/fr\/politique-relative-aux-cookies\/","name":"Politique relative aux cookies - CCNuclear","isPartOf":{"@id":"http:\/\/ccnuclear.ca\/fr\/#website"},"datePublished":"2024-11-18T21:36:07+00:00","breadcrumb":{"@id":"http:\/\/ccnuclear.ca\/fr\/politique-relative-aux-cookies\/#breadcrumb"},"inLanguage":"fr-FR","potentialAction":[{"@type":"ReadAction","target":["http:\/\/ccnuclear.ca\/fr\/politique-relative-aux-cookies\/"]}]},{"@type":"BreadcrumbList","@id":"http:\/\/ccnuclear.ca\/fr\/politique-relative-aux-cookies\/#breadcrumb","itemListElement":[{"@type":"ListItem","position":1,"name":"Home","item":"https:\/\/ccnuclear.ca\/fr\/"},{"@type":"ListItem","position":2,"name":"Politique relative aux cookies"}]},{"@type":"WebSite","@id":"http:\/\/ccnuclear.ca\/fr\/#website","url":"http:\/\/ccnuclear.ca\/fr\/","name":"CCNuclear","description":"","publisher":{"@id":"http:\/\/ccnuclear.ca\/fr\/#organization"},"potentialAction":[{"@type":"SearchAction","target":{"@type":"EntryPoint","urlTemplate":"http:\/\/ccnuclear.ca\/fr\/?s={search_term_string}"},"query-input":{"@type":"PropertyValueSpecification","valueRequired":true,"valueName":"search_term_string"}}],"inLanguage":"fr-FR"},{"@type":"Organization","@id":"http:\/\/ccnuclear.ca\/fr\/#organization","name":"CCNuclear","url":"http:\/\/ccnuclear.ca\/fr\/","logo":{"@type":"ImageObject","inLanguage":"fr-FR","@id":"http:\/\/ccnuclear.ca\/fr\/#\/schema\/logo\/image\/","url":"http:\/\/ccnuclear.ca\/wp-content\/uploads\/2024\/11\/CCNuclear-logo.jpg","contentUrl":"http:\/\/ccnuclear.ca\/wp-content\/uploads\/2024\/11\/CCNuclear-logo.jpg","width":1000,"height":1000,"caption":"CCNuclear"},"image":{"@id":"http:\/\/ccnuclear.ca\/fr\/#\/schema\/logo\/image\/"},"sameAs":["https:\/\/www.linkedin.com\/company\/ccnuclear\/"]}]}},"_links":{"self":[{"href":"http:\/\/ccnuclear.ca\/fr\/wp-json\/wp\/v2\/pages\/1511","targetHints":{"allow":["GET"]}}],"collection":[{"href":"http:\/\/ccnuclear.ca\/fr\/wp-json\/wp\/v2\/pages"}],"about":[{"href":"http:\/\/ccnuclear.ca\/fr\/wp-json\/wp\/v2\/types\/page"}],"author":[{"embeddable":true,"href":"http:\/\/ccnuclear.ca\/fr\/wp-json\/wp\/v2\/users\/1"}],"replies":[{"embeddable":true,"href":"http:\/\/ccnuclear.ca\/fr\/wp-json\/wp\/v2\/comments?post=1511"}],"version-history":[{"count":0,"href":"http:\/\/ccnuclear.ca\/fr\/wp-json\/wp\/v2\/pages\/1511\/revisions"}],"wp:attachment":[{"href":"http:\/\/ccnuclear.ca\/fr\/wp-json\/wp\/v2\/media?parent=1511"}],"curies":[{"name":"wp","href":"https:\/\/api.w.org\/{rel}","templated":true}]}}