{"id":1500,"date":"2024-11-18T16:29:41","date_gmt":"2024-11-18T21:29:41","guid":{"rendered":"https:\/\/www.ccnuclear.ca\/?page_id=1500"},"modified":"2024-11-18T16:32:20","modified_gmt":"2024-11-18T21:32:20","slug":"politique-de-confidentialite-2","status":"publish","type":"page","link":"http:\/\/ccnuclear.ca\/fr\/politique-de-confidentialite-2\/","title":{"rendered":"Politique de confidentialit\u00e9"},"content":{"rendered":"<p>Derni\u00e8re mise \u00e0 jour le 18-Nov-2024<\/p>\n<p class=\"privacy-policy-p\">Cette Politique de Confidentialit\u00e9 d\u00e9crit les politiques de<\/p>\n<p>CCNucl\u00e9aire inc.,<br \/>\n710-485 McGill, Suite 710, Montr\u00e9al, QC,<br \/>\nQC<br \/>\nH2Y 2H4,<br \/>\nCanada,<br \/>\ncourriel: info@ccnuclear.ca,<br \/>\nt\u00e9l\u00e9phone : 5148718196<\/p>\n<p>concernant la collecte, l&rsquo;utilisation et la divulgation de vos informations que nous recueillons lorsque vous utilisez notre site web (ccnuclear.staging.mysites.io).<br \/>\n(le \u00ab Service \u00bb). En acc\u00e9dant ou en utilisant<br \/>\nle Service, vous consentez \u00e0 la collecte, \u00e0 l&rsquo;utilisation et \u00e0 la divulgation de vos informations conform\u00e9ment \u00e0 cette Politique de Confidentialit\u00e9. Si vous n&rsquo;y consentez pas, veuillez ne pas acc\u00e9der ou utiliser le Service.<\/p>\n<p class=\"privacy-policy-p\">Nous pouvons modifier cette Politique de Confidentialit\u00e9 \u00e0 tout moment, sans pr\u00e9avis, et publierons la Politique r\u00e9vis\u00e9e sur le Service. La Politique r\u00e9vis\u00e9e entrera en vigueur 180 jours apr\u00e8s sa publication sur le Service, et votre acc\u00e8s ou utilisation continue du Service apr\u00e8s cette p\u00e9riode constituera votre acceptation de la Politique de Confidentialit\u00e9 r\u00e9vis\u00e9e. Nous vous recommandons donc de consulter cette page p\u00e9riodiquement.<\/p>\n<ol class=\"privacy-policy-ol\">\n<li>\n<h3 class=\"privacy-policy-h2\">Informations que nous collectons :<\/h3>\n<p class=\"privacy-policy-p\">Nous collecterons et traiterons les informations personnelles suivantes vous concernant :<\/p>\n<ol class=\"privacy-policy-ol\">\n<li>Nom<\/li>\n<li>Courriel<\/li>\n<\/ol>\n<\/li>\n<li>\n<h3 class=\"privacy-policy-h2\">Comment nous partageons vos informations :<\/h3>\n<p class=\"privacy-policy-p\">Nous ne transf\u00e9rerons pas vos informations personnelles \u00e0 un tiers sans obtenir votre consentement, sauf dans des circonstances limit\u00e9es comme d\u00e9crit ci-dessous :<\/p>\n<ol class=\"privacy-policy-ol\">\n<li>Analyses<\/li>\n<\/ol>\n<p class=\"privacy-policy-p\">Nous exigeons que ces tiers utilisent les informations personnelles que nous leur transf\u00e9rons uniquement pour l&rsquo;objectif pour lequel elles ont \u00e9t\u00e9 transf\u00e9r\u00e9es, et qu&rsquo;ils ne les conservent pas plus longtemps que n\u00e9cessaire pour remplir cet objectif.<\/p>\n<p class=\"privacy-policy-p\">Nous pouvons \u00e9galement divulguer vos informations personnelles pour les raisons suivantes : (1) se conformer aux lois, r\u00e8glements, ordonnances judiciaires ou autres proc\u00e9dures l\u00e9gales applicables ; (2) appliquer nos accords avec vous, y compris cette Politique de Confidentialit\u00e9 ; ou (3) r\u00e9pondre \u00e0 des r\u00e9clamations selon lesquelles votre utilisation du Service enfreint les droits de tiers. Si le Service ou notre entreprise est fusionn\u00e9 ou acquis par une autre entreprise, vos informations feront partie des actifs transf\u00e9r\u00e9s au nouveau propri\u00e9taire.<\/p>\n<\/li>\n<li>\n<h3 class=\"privacy-policy-h2\">Conservation de vos informations :<\/h3>\n<p class=\"privacy-policy-p\">Nous conserverons vos informations personnelles avec nous pendant<br \/>\n90 jours \u00e0 2 ans apr\u00e8s que les utilisateurs aient r\u00e9sili\u00e9 leurs comptes, ou aussi longtemps que n\u00e9cessaire pour remplir les objectifs pour lesquels elles ont \u00e9t\u00e9 collect\u00e9es, comme d\u00e9taill\u00e9 dans cette Politique de Confidentialit\u00e9. Nous pouvons avoir besoin de conserver certaines informations pour des p\u00e9riodes plus longues, telles que la tenue de registres ou des obligations l\u00e9gales. Les informations r\u00e9siduelles anonymes et agr\u00e9g\u00e9es, qui ne vous identifient pas directement ou indirectement, peuvent \u00eatre conserv\u00e9es ind\u00e9finiment.<\/p>\n<\/li>\n<li>\n<h3 class=\"privacy-policy-h2\">Vos droits :<\/h3>\n<p class=\"privacy-policy-p\">En fonction des lois applicables, vous pouvez avoir le droit d&rsquo;acc\u00e9der \u00e0 vos donn\u00e9es personnelles, de les rectifier ou de les supprimer, ou de recevoir une copie de celles-ci, de restreindre ou de vous opposer \u00e0 leur traitement actif, de demander leur portabilit\u00e9, ou de retirer tout consentement que vous nous avez donn\u00e9 pour leur traitement. Vous pouvez exercer ces droits en nous \u00e9crivant \u00e0 stephane.leduc@ccnuclear.ca. Nous r\u00e9pondrons \u00e0 votre demande conform\u00e9ment aux lois applicables.<\/p>\n<p class=\"privacy-policy-p\">Notez que si vous ne nous permettez pas de collecter ou de traiter les informations personnelles requises, ou si vous retirez votre consentement, vous pourriez ne pas \u00eatre en mesure d&rsquo;acc\u00e9der ou d&rsquo;utiliser les services pour lesquels ces informations \u00e9taient n\u00e9cessaires.<\/p>\n<\/li>\n<li>\n<h3 class=\"privacy-policy-h2\">Cookies, etc. :<\/h3>\n<p class=\"privacy-policy-p\">Pour en savoir plus sur notre utilisation des cookies et technologies de suivi, ainsi que sur vos choix \u00e0 cet \u00e9gard, veuillez consulter notre <a href=\"ccnuclear.staging.mysites.io\/cookie-policy\">Politique relative aux cookies<\/a>.<\/p>\n<\/li>\n<li>\n<h3 class=\"privacy-policy-h2\">S\u00e9curit\u00e9 :<\/h3>\n<p class=\"privacy-policy-p\">La s\u00e9curit\u00e9 de vos informations est importante pour nous, et nous utiliserons des mesures de s\u00e9curit\u00e9 raisonnables pour pr\u00e9venir leur perte, mauvaise utilisation ou alt\u00e9ration non autoris\u00e9e. Cependant, en raison des risques inh\u00e9rents, nous ne pouvons garantir une s\u00e9curit\u00e9 absolue et, par cons\u00e9quent, toute transmission d&rsquo;informations se fait \u00e0 vos propres risques.<\/p>\n<\/li>\n<li>\n<h3 class=\"privacy-policy-h2\">Liens tiers et utilisation de vos informations :<\/h3>\n<p class=\"privacy-policy-p\">Notre Service peut contenir des liens vers d&rsquo;autres sites web qui ne sont pas exploit\u00e9s par nous. Cette Politique de Confidentialit\u00e9 ne s&rsquo;applique pas aux politiques de confidentialit\u00e9 des tiers. Nous vous encourageons \u00e0 consulter les politiques de confidentialit\u00e9 de chaque site que vous visitez. Nous ne sommes pas responsables des pratiques ou du contenu de ces sites tiers.<\/p>\n<\/li>\n<li>\n<h3 class=\"privacy-policy-h2\">Responsable des donn\u00e9es personnelles :<\/h3>\n<p class=\"privacy-policy-p\">Pour toute question ou pr\u00e9occupation concernant le traitement de vos informations, vous pouvez contacter notre Responsable des donn\u00e9es \u00e0 St\u00e9phane Leduc,<br \/>\n710-485 McGill, Suite 710, Montr\u00e9al, QC,<br \/>\nemail : stephane.leduc@ccnuclear.ca.<br \/>\nNous r\u00e9pondrons \u00e0 vos pr\u00e9occupations conform\u00e9ment aux lois applicables.<\/p>\n<\/li>\n<\/ol>\n<p class=\"privacy-policy-p\">\n","protected":false},"excerpt":{"rendered":"<p>Derni\u00e8re mise \u00e0 jour le 18-Nov-2024 Cette Politique de Confidentialit\u00e9 d\u00e9crit les politiques de CCNucl\u00e9aire inc., 710-485 McGill, Suite 710, Montr\u00e9al, QC, QC H2Y 2H4, Canada, courriel: info@ccnuclear.ca, t\u00e9l\u00e9phone : 5148718196 concernant la collecte, l&rsquo;utilisation et la divulgation de vos informations que nous recueillons lorsque vous utilisez notre site web (ccnuclear.staging.mysites.io). (le \u00ab Service \u00bb). [&#8230;]<\/p>\n<p><a class=\"btn btn-secondary understrap-read-more-link\" href=\"http:\/\/ccnuclear.ca\/fr\/politique-de-confidentialite-2\/\">Lire la suite\u2026<span class=\"screen-reader-text\"> from Politique de confidentialit\u00e9<\/span><\/a><\/p>\n","protected":false},"author":1,"featured_media":0,"parent":0,"menu_order":9,"comment_status":"closed","ping_status":"closed","template":"","meta":{"_acf_changed":false,"inline_featured_image":false,"footnotes":""},"class_list":["post-1500","page","type-page","status-publish","hentry"],"acf":[],"yoast_head":"<!-- This site is optimized with the Yoast SEO plugin v26.8 - https:\/\/yoast.com\/product\/yoast-seo-wordpress\/ -->\n<title>Politique de confidentialit\u00e9 - CCNuclear<\/title>\n<meta name=\"robots\" content=\"index, follow, max-snippet:-1, max-image-preview:large, max-video-preview:-1\" \/>\n<link rel=\"canonical\" href=\"http:\/\/ccnuclear.ca\/fr\/politique-de-confidentialite-2\/\" \/>\n<meta property=\"og:locale\" content=\"fr_FR\" \/>\n<meta property=\"og:type\" content=\"article\" \/>\n<meta property=\"og:title\" content=\"Politique de confidentialit\u00e9 - CCNuclear\" \/>\n<meta property=\"og:description\" content=\"Derni\u00e8re mise \u00e0 jour le 18-Nov-2024 Cette Politique de Confidentialit\u00e9 d\u00e9crit les politiques de CCNucl\u00e9aire inc., 710-485 McGill, Suite 710, Montr\u00e9al, QC, QC H2Y 2H4, Canada, courriel: info@ccnuclear.ca, t\u00e9l\u00e9phone : 5148718196 concernant la collecte, l&rsquo;utilisation et la divulgation de vos informations que nous recueillons lorsque vous utilisez notre site web (ccnuclear.staging.mysites.io). (le \u00ab Service \u00bb). [...]Lire la suite\u2026 from Politique de confidentialit\u00e9\" \/>\n<meta property=\"og:url\" content=\"http:\/\/ccnuclear.ca\/fr\/politique-de-confidentialite-2\/\" \/>\n<meta property=\"og:site_name\" content=\"CCNuclear\" \/>\n<meta property=\"article:modified_time\" content=\"2024-11-18T21:32:20+00:00\" \/>\n<meta property=\"og:image\" content=\"http:\/\/ccnuclear.ca\/wp-content\/uploads\/2024\/11\/CCNuclear-logo.jpg\" \/>\n\t<meta property=\"og:image:width\" content=\"1000\" \/>\n\t<meta property=\"og:image:height\" content=\"1000\" \/>\n\t<meta property=\"og:image:type\" content=\"image\/jpeg\" \/>\n<meta name=\"twitter:card\" content=\"summary_large_image\" \/>\n<meta name=\"twitter:label1\" content=\"Dur\u00e9e de lecture estim\u00e9e\" \/>\n\t<meta name=\"twitter:data1\" content=\"4 minutes\" \/>\n<script type=\"application\/ld+json\" class=\"yoast-schema-graph\">{\"@context\":\"https:\/\/schema.org\",\"@graph\":[{\"@type\":\"WebPage\",\"@id\":\"http:\/\/ccnuclear.ca\/fr\/politique-de-confidentialite-2\/\",\"url\":\"http:\/\/ccnuclear.ca\/fr\/politique-de-confidentialite-2\/\",\"name\":\"Politique de confidentialit\u00e9 - CCNuclear\",\"isPartOf\":{\"@id\":\"http:\/\/ccnuclear.ca\/fr\/#website\"},\"datePublished\":\"2024-11-18T21:29:41+00:00\",\"dateModified\":\"2024-11-18T21:32:20+00:00\",\"breadcrumb\":{\"@id\":\"http:\/\/ccnuclear.ca\/fr\/politique-de-confidentialite-2\/#breadcrumb\"},\"inLanguage\":\"fr-FR\",\"potentialAction\":[{\"@type\":\"ReadAction\",\"target\":[\"http:\/\/ccnuclear.ca\/fr\/politique-de-confidentialite-2\/\"]}]},{\"@type\":\"BreadcrumbList\",\"@id\":\"http:\/\/ccnuclear.ca\/fr\/politique-de-confidentialite-2\/#breadcrumb\",\"itemListElement\":[{\"@type\":\"ListItem\",\"position\":1,\"name\":\"Home\",\"item\":\"http:\/\/ccnuclear.ca\/fr\/\"},{\"@type\":\"ListItem\",\"position\":2,\"name\":\"Politique de confidentialit\u00e9\"}]},{\"@type\":\"WebSite\",\"@id\":\"http:\/\/ccnuclear.ca\/fr\/#website\",\"url\":\"http:\/\/ccnuclear.ca\/fr\/\",\"name\":\"CCNuclear\",\"description\":\"\",\"publisher\":{\"@id\":\"http:\/\/ccnuclear.ca\/fr\/#organization\"},\"potentialAction\":[{\"@type\":\"SearchAction\",\"target\":{\"@type\":\"EntryPoint\",\"urlTemplate\":\"http:\/\/ccnuclear.ca\/fr\/?s={search_term_string}\"},\"query-input\":{\"@type\":\"PropertyValueSpecification\",\"valueRequired\":true,\"valueName\":\"search_term_string\"}}],\"inLanguage\":\"fr-FR\"},{\"@type\":\"Organization\",\"@id\":\"http:\/\/ccnuclear.ca\/fr\/#organization\",\"name\":\"CCNuclear\",\"url\":\"http:\/\/ccnuclear.ca\/fr\/\",\"logo\":{\"@type\":\"ImageObject\",\"inLanguage\":\"fr-FR\",\"@id\":\"http:\/\/ccnuclear.ca\/fr\/#\/schema\/logo\/image\/\",\"url\":\"http:\/\/ccnuclear.ca\/wp-content\/uploads\/2024\/11\/CCNuclear-logo.jpg\",\"contentUrl\":\"http:\/\/ccnuclear.ca\/wp-content\/uploads\/2024\/11\/CCNuclear-logo.jpg\",\"width\":1000,\"height\":1000,\"caption\":\"CCNuclear\"},\"image\":{\"@id\":\"http:\/\/ccnuclear.ca\/fr\/#\/schema\/logo\/image\/\"},\"sameAs\":[\"https:\/\/www.linkedin.com\/company\/ccnuclear\/\"]}]}<\/script>\n<!-- \/ Yoast SEO plugin. -->","yoast_head_json":{"title":"Politique de confidentialit\u00e9 - CCNuclear","robots":{"index":"index","follow":"follow","max-snippet":"max-snippet:-1","max-image-preview":"max-image-preview:large","max-video-preview":"max-video-preview:-1"},"canonical":"http:\/\/ccnuclear.ca\/fr\/politique-de-confidentialite-2\/","og_locale":"fr_FR","og_type":"article","og_title":"Politique de confidentialit\u00e9 - CCNuclear","og_description":"Derni\u00e8re mise \u00e0 jour le 18-Nov-2024 Cette Politique de Confidentialit\u00e9 d\u00e9crit les politiques de CCNucl\u00e9aire inc., 710-485 McGill, Suite 710, Montr\u00e9al, QC, QC H2Y 2H4, Canada, courriel: info@ccnuclear.ca, t\u00e9l\u00e9phone : 5148718196 concernant la collecte, l&rsquo;utilisation et la divulgation de vos informations que nous recueillons lorsque vous utilisez notre site web (ccnuclear.staging.mysites.io). (le \u00ab Service \u00bb). [...]Lire la suite\u2026 from Politique de confidentialit\u00e9","og_url":"http:\/\/ccnuclear.ca\/fr\/politique-de-confidentialite-2\/","og_site_name":"CCNuclear","article_modified_time":"2024-11-18T21:32:20+00:00","og_image":[{"width":1000,"height":1000,"url":"http:\/\/ccnuclear.ca\/wp-content\/uploads\/2024\/11\/CCNuclear-logo.jpg","type":"image\/jpeg"}],"twitter_card":"summary_large_image","twitter_misc":{"Dur\u00e9e de lecture estim\u00e9e":"4 minutes"},"schema":{"@context":"https:\/\/schema.org","@graph":[{"@type":"WebPage","@id":"http:\/\/ccnuclear.ca\/fr\/politique-de-confidentialite-2\/","url":"http:\/\/ccnuclear.ca\/fr\/politique-de-confidentialite-2\/","name":"Politique de confidentialit\u00e9 - CCNuclear","isPartOf":{"@id":"http:\/\/ccnuclear.ca\/fr\/#website"},"datePublished":"2024-11-18T21:29:41+00:00","dateModified":"2024-11-18T21:32:20+00:00","breadcrumb":{"@id":"http:\/\/ccnuclear.ca\/fr\/politique-de-confidentialite-2\/#breadcrumb"},"inLanguage":"fr-FR","potentialAction":[{"@type":"ReadAction","target":["http:\/\/ccnuclear.ca\/fr\/politique-de-confidentialite-2\/"]}]},{"@type":"BreadcrumbList","@id":"http:\/\/ccnuclear.ca\/fr\/politique-de-confidentialite-2\/#breadcrumb","itemListElement":[{"@type":"ListItem","position":1,"name":"Home","item":"http:\/\/ccnuclear.ca\/fr\/"},{"@type":"ListItem","position":2,"name":"Politique de confidentialit\u00e9"}]},{"@type":"WebSite","@id":"http:\/\/ccnuclear.ca\/fr\/#website","url":"http:\/\/ccnuclear.ca\/fr\/","name":"CCNuclear","description":"","publisher":{"@id":"http:\/\/ccnuclear.ca\/fr\/#organization"},"potentialAction":[{"@type":"SearchAction","target":{"@type":"EntryPoint","urlTemplate":"http:\/\/ccnuclear.ca\/fr\/?s={search_term_string}"},"query-input":{"@type":"PropertyValueSpecification","valueRequired":true,"valueName":"search_term_string"}}],"inLanguage":"fr-FR"},{"@type":"Organization","@id":"http:\/\/ccnuclear.ca\/fr\/#organization","name":"CCNuclear","url":"http:\/\/ccnuclear.ca\/fr\/","logo":{"@type":"ImageObject","inLanguage":"fr-FR","@id":"http:\/\/ccnuclear.ca\/fr\/#\/schema\/logo\/image\/","url":"http:\/\/ccnuclear.ca\/wp-content\/uploads\/2024\/11\/CCNuclear-logo.jpg","contentUrl":"http:\/\/ccnuclear.ca\/wp-content\/uploads\/2024\/11\/CCNuclear-logo.jpg","width":1000,"height":1000,"caption":"CCNuclear"},"image":{"@id":"http:\/\/ccnuclear.ca\/fr\/#\/schema\/logo\/image\/"},"sameAs":["https:\/\/www.linkedin.com\/company\/ccnuclear\/"]}]}},"_links":{"self":[{"href":"http:\/\/ccnuclear.ca\/fr\/wp-json\/wp\/v2\/pages\/1500","targetHints":{"allow":["GET"]}}],"collection":[{"href":"http:\/\/ccnuclear.ca\/fr\/wp-json\/wp\/v2\/pages"}],"about":[{"href":"http:\/\/ccnuclear.ca\/fr\/wp-json\/wp\/v2\/types\/page"}],"author":[{"embeddable":true,"href":"http:\/\/ccnuclear.ca\/fr\/wp-json\/wp\/v2\/users\/1"}],"replies":[{"embeddable":true,"href":"http:\/\/ccnuclear.ca\/fr\/wp-json\/wp\/v2\/comments?post=1500"}],"version-history":[{"count":0,"href":"http:\/\/ccnuclear.ca\/fr\/wp-json\/wp\/v2\/pages\/1500\/revisions"}],"wp:attachment":[{"href":"http:\/\/ccnuclear.ca\/fr\/wp-json\/wp\/v2\/media?parent=1500"}],"curies":[{"name":"wp","href":"https:\/\/api.w.org\/{rel}","templated":true}]}}