{"id":1428,"date":"2024-11-14T16:10:50","date_gmt":"2024-11-14T21:10:50","guid":{"rendered":"http:\/\/ccnuclear.local\/?page_id=1428"},"modified":"2024-12-18T15:27:31","modified_gmt":"2024-12-18T20:27:31","slug":"a-propos","status":"publish","type":"page","link":"http:\/\/ccnuclear.ca\/fr\/a-propos\/","title":{"rendered":"\u00c0 propos"},"content":{"rendered":"\t\t<div data-elementor-type=\"wp-page\" data-elementor-id=\"1428\" class=\"elementor elementor-1428 elementor-660\" data-elementor-post-type=\"page\">\n\t\t\t\t\t\t<section class=\"elementor-section elementor-top-section elementor-element elementor-element-4471e57 elementor-section-full_width elementor-section-height-default elementor-section-height-default\" data-id=\"4471e57\" data-element_type=\"section\">\n\t\t\t\t\t\t<div class=\"elementor-container elementor-column-gap-default\">\n\t\t\t\t\t<div class=\"elementor-column elementor-col-50 elementor-top-column elementor-element elementor-element-f7a8003\" data-id=\"f7a8003\" data-element_type=\"column\">\n\t\t\t<div class=\"elementor-widget-wrap elementor-element-populated\">\n\t\t\t\t\t\t<div class=\"elementor-element elementor-element-2b93eaa elementor-widget elementor-widget-text-editor\" data-id=\"2b93eaa\" data-element_type=\"widget\" data-widget_type=\"text-editor.default\">\n\t\t\t\t<div class=\"elementor-widget-container\">\n\t\t\t\t\t\t\t\t\t<p><span data-contrast=\"auto\">CCNuclear est un leader reconnu et un sp\u00e9cialiste de confiance de l\u2019industrie nucl\u00e9aire. L\u2019expertise de notre \u00e9quipe couvre la conception, le d\u00e9veloppement, la fabrication et les essais de d\u00e9monstration de solutions globales pour la gestion des d\u00e9chets radioactifs de faible moyenne et haute activit\u00e9. Du concept initial \u00e0 la mise en \u0153uvre, en passant par le stockage \u00e0 sec, le d\u00e9classement et la d\u00e9construction des installations, nous fournissons des services experts int\u00e9gr\u00e9s adapt\u00e9s aux besoins sp\u00e9cifiques de nos clients.<\/span><span data-ccp-props=\"{&quot;201341983&quot;:0,&quot;335551550&quot;:6,&quot;335551620&quot;:6,&quot;335559738&quot;:240,&quot;335559739&quot;:120,&quot;335559740&quot;:276}\">\u00a0<\/span><\/p>\t\t\t\t\t\t\t\t<\/div>\n\t\t\t\t<\/div>\n\t\t\t\t\t<\/div>\n\t\t<\/div>\n\t\t\t\t<div class=\"elementor-column elementor-col-50 elementor-top-column elementor-element elementor-element-5cb9fe0\" data-id=\"5cb9fe0\" data-element_type=\"column\">\n\t\t\t<div class=\"elementor-widget-wrap elementor-element-populated\">\n\t\t\t\t\t\t\t<\/div>\n\t\t<\/div>\n\t\t\t\t\t<\/div>\n\t\t<\/section>\n\t\t\t\t<\/div>\n\t\t","protected":false},"excerpt":{"rendered":"<p>CCNuclear est un leader reconnu et un sp\u00e9cialiste de confiance de l\u2019industrie nucl\u00e9aire. L\u2019expertise de notre \u00e9quipe couvre la conception, le d\u00e9veloppement, la fabrication et les essais de d\u00e9monstration de solutions globales pour la gestion des d\u00e9chets radioactifs de faible moyenne et haute activit\u00e9. Du concept initial \u00e0 la mise en \u0153uvre, en passant par [&#8230;]<\/p>\n<p><a class=\"btn btn-secondary understrap-read-more-link\" href=\"http:\/\/ccnuclear.ca\/fr\/a-propos\/\">Lire la suite\u2026<span class=\"screen-reader-text\"> from \u00c0 propos<\/span><\/a><\/p>\n","protected":false},"author":1,"featured_media":0,"parent":0,"menu_order":1,"comment_status":"closed","ping_status":"closed","template":"","meta":{"_acf_changed":false,"inline_featured_image":false,"footnotes":""},"class_list":["post-1428","page","type-page","status-publish","hentry"],"acf":[],"yoast_head":"<!-- This site is optimized with the Yoast SEO plugin v26.8 - https:\/\/yoast.com\/product\/yoast-seo-wordpress\/ -->\n<title>\u00c0 propos - CCNuclear<\/title>\n<meta name=\"robots\" content=\"index, follow, max-snippet:-1, max-image-preview:large, max-video-preview:-1\" \/>\n<link rel=\"canonical\" href=\"http:\/\/ccnuclear.ca\/fr\/a-propos\/\" \/>\n<meta property=\"og:locale\" content=\"fr_FR\" \/>\n<meta property=\"og:type\" content=\"article\" \/>\n<meta property=\"og:title\" content=\"\u00c0 propos - CCNuclear\" \/>\n<meta property=\"og:description\" content=\"CCNuclear est un leader reconnu et un sp\u00e9cialiste de confiance de l\u2019industrie nucl\u00e9aire. L\u2019expertise de notre \u00e9quipe couvre la conception, le d\u00e9veloppement, la fabrication et les essais de d\u00e9monstration de solutions globales pour la gestion des d\u00e9chets radioactifs de faible moyenne et haute activit\u00e9. Du concept initial \u00e0 la mise en \u0153uvre, en passant par [...]Lire la suite\u2026 from \u00c0 propos\" \/>\n<meta property=\"og:url\" content=\"http:\/\/ccnuclear.ca\/fr\/a-propos\/\" \/>\n<meta property=\"og:site_name\" content=\"CCNuclear\" \/>\n<meta property=\"article:modified_time\" content=\"2024-12-18T20:27:31+00:00\" \/>\n<meta property=\"og:image\" content=\"http:\/\/ccnuclear.ca\/wp-content\/uploads\/2024\/11\/CCNuclear-logo.jpg\" \/>\n\t<meta property=\"og:image:width\" content=\"1000\" \/>\n\t<meta property=\"og:image:height\" content=\"1000\" \/>\n\t<meta property=\"og:image:type\" content=\"image\/jpeg\" \/>\n<meta name=\"twitter:card\" content=\"summary_large_image\" \/>\n<meta name=\"twitter:label1\" content=\"Dur\u00e9e de lecture estim\u00e9e\" \/>\n\t<meta name=\"twitter:data1\" content=\"1 minute\" \/>\n<script type=\"application\/ld+json\" class=\"yoast-schema-graph\">{\"@context\":\"https:\/\/schema.org\",\"@graph\":[{\"@type\":\"WebPage\",\"@id\":\"http:\/\/ccnuclear.ca\/fr\/a-propos\/\",\"url\":\"http:\/\/ccnuclear.ca\/fr\/a-propos\/\",\"name\":\"\u00c0 propos - CCNuclear\",\"isPartOf\":{\"@id\":\"https:\/\/ccnuclear.ca\/fr\/#website\"},\"datePublished\":\"2024-11-14T21:10:50+00:00\",\"dateModified\":\"2024-12-18T20:27:31+00:00\",\"breadcrumb\":{\"@id\":\"http:\/\/ccnuclear.ca\/fr\/a-propos\/#breadcrumb\"},\"inLanguage\":\"fr-FR\",\"potentialAction\":[{\"@type\":\"ReadAction\",\"target\":[\"http:\/\/ccnuclear.ca\/fr\/a-propos\/\"]}]},{\"@type\":\"BreadcrumbList\",\"@id\":\"http:\/\/ccnuclear.ca\/fr\/a-propos\/#breadcrumb\",\"itemListElement\":[{\"@type\":\"ListItem\",\"position\":1,\"name\":\"Home\",\"item\":\"https:\/\/ccnuclear.ca\/fr\/\"},{\"@type\":\"ListItem\",\"position\":2,\"name\":\"\u00c0 propos\"}]},{\"@type\":\"WebSite\",\"@id\":\"https:\/\/ccnuclear.ca\/fr\/#website\",\"url\":\"https:\/\/ccnuclear.ca\/fr\/\",\"name\":\"CCNuclear\",\"description\":\"\",\"publisher\":{\"@id\":\"https:\/\/ccnuclear.ca\/fr\/#organization\"},\"potentialAction\":[{\"@type\":\"SearchAction\",\"target\":{\"@type\":\"EntryPoint\",\"urlTemplate\":\"https:\/\/ccnuclear.ca\/fr\/?s={search_term_string}\"},\"query-input\":{\"@type\":\"PropertyValueSpecification\",\"valueRequired\":true,\"valueName\":\"search_term_string\"}}],\"inLanguage\":\"fr-FR\"},{\"@type\":\"Organization\",\"@id\":\"https:\/\/ccnuclear.ca\/fr\/#organization\",\"name\":\"CCNuclear\",\"url\":\"https:\/\/ccnuclear.ca\/fr\/\",\"logo\":{\"@type\":\"ImageObject\",\"inLanguage\":\"fr-FR\",\"@id\":\"https:\/\/ccnuclear.ca\/fr\/#\/schema\/logo\/image\/\",\"url\":\"http:\/\/ccnuclear.ca\/wp-content\/uploads\/2024\/11\/CCNuclear-logo.jpg\",\"contentUrl\":\"http:\/\/ccnuclear.ca\/wp-content\/uploads\/2024\/11\/CCNuclear-logo.jpg\",\"width\":1000,\"height\":1000,\"caption\":\"CCNuclear\"},\"image\":{\"@id\":\"https:\/\/ccnuclear.ca\/fr\/#\/schema\/logo\/image\/\"},\"sameAs\":[\"https:\/\/www.linkedin.com\/company\/ccnuclear\/\"]}]}<\/script>\n<!-- \/ Yoast SEO plugin. -->","yoast_head_json":{"title":"\u00c0 propos - CCNuclear","robots":{"index":"index","follow":"follow","max-snippet":"max-snippet:-1","max-image-preview":"max-image-preview:large","max-video-preview":"max-video-preview:-1"},"canonical":"http:\/\/ccnuclear.ca\/fr\/a-propos\/","og_locale":"fr_FR","og_type":"article","og_title":"\u00c0 propos - CCNuclear","og_description":"CCNuclear est un leader reconnu et un sp\u00e9cialiste de confiance de l\u2019industrie nucl\u00e9aire. L\u2019expertise de notre \u00e9quipe couvre la conception, le d\u00e9veloppement, la fabrication et les essais de d\u00e9monstration de solutions globales pour la gestion des d\u00e9chets radioactifs de faible moyenne et haute activit\u00e9. Du concept initial \u00e0 la mise en \u0153uvre, en passant par [...]Lire la suite\u2026 from \u00c0 propos","og_url":"http:\/\/ccnuclear.ca\/fr\/a-propos\/","og_site_name":"CCNuclear","article_modified_time":"2024-12-18T20:27:31+00:00","og_image":[{"width":1000,"height":1000,"url":"http:\/\/ccnuclear.ca\/wp-content\/uploads\/2024\/11\/CCNuclear-logo.jpg","type":"image\/jpeg"}],"twitter_card":"summary_large_image","twitter_misc":{"Dur\u00e9e de lecture estim\u00e9e":"1 minute"},"schema":{"@context":"https:\/\/schema.org","@graph":[{"@type":"WebPage","@id":"http:\/\/ccnuclear.ca\/fr\/a-propos\/","url":"http:\/\/ccnuclear.ca\/fr\/a-propos\/","name":"\u00c0 propos - CCNuclear","isPartOf":{"@id":"https:\/\/ccnuclear.ca\/fr\/#website"},"datePublished":"2024-11-14T21:10:50+00:00","dateModified":"2024-12-18T20:27:31+00:00","breadcrumb":{"@id":"http:\/\/ccnuclear.ca\/fr\/a-propos\/#breadcrumb"},"inLanguage":"fr-FR","potentialAction":[{"@type":"ReadAction","target":["http:\/\/ccnuclear.ca\/fr\/a-propos\/"]}]},{"@type":"BreadcrumbList","@id":"http:\/\/ccnuclear.ca\/fr\/a-propos\/#breadcrumb","itemListElement":[{"@type":"ListItem","position":1,"name":"Home","item":"https:\/\/ccnuclear.ca\/fr\/"},{"@type":"ListItem","position":2,"name":"\u00c0 propos"}]},{"@type":"WebSite","@id":"https:\/\/ccnuclear.ca\/fr\/#website","url":"https:\/\/ccnuclear.ca\/fr\/","name":"CCNuclear","description":"","publisher":{"@id":"https:\/\/ccnuclear.ca\/fr\/#organization"},"potentialAction":[{"@type":"SearchAction","target":{"@type":"EntryPoint","urlTemplate":"https:\/\/ccnuclear.ca\/fr\/?s={search_term_string}"},"query-input":{"@type":"PropertyValueSpecification","valueRequired":true,"valueName":"search_term_string"}}],"inLanguage":"fr-FR"},{"@type":"Organization","@id":"https:\/\/ccnuclear.ca\/fr\/#organization","name":"CCNuclear","url":"https:\/\/ccnuclear.ca\/fr\/","logo":{"@type":"ImageObject","inLanguage":"fr-FR","@id":"https:\/\/ccnuclear.ca\/fr\/#\/schema\/logo\/image\/","url":"http:\/\/ccnuclear.ca\/wp-content\/uploads\/2024\/11\/CCNuclear-logo.jpg","contentUrl":"http:\/\/ccnuclear.ca\/wp-content\/uploads\/2024\/11\/CCNuclear-logo.jpg","width":1000,"height":1000,"caption":"CCNuclear"},"image":{"@id":"https:\/\/ccnuclear.ca\/fr\/#\/schema\/logo\/image\/"},"sameAs":["https:\/\/www.linkedin.com\/company\/ccnuclear\/"]}]}},"_links":{"self":[{"href":"http:\/\/ccnuclear.ca\/fr\/wp-json\/wp\/v2\/pages\/1428","targetHints":{"allow":["GET"]}}],"collection":[{"href":"http:\/\/ccnuclear.ca\/fr\/wp-json\/wp\/v2\/pages"}],"about":[{"href":"http:\/\/ccnuclear.ca\/fr\/wp-json\/wp\/v2\/types\/page"}],"author":[{"embeddable":true,"href":"http:\/\/ccnuclear.ca\/fr\/wp-json\/wp\/v2\/users\/1"}],"replies":[{"embeddable":true,"href":"http:\/\/ccnuclear.ca\/fr\/wp-json\/wp\/v2\/comments?post=1428"}],"version-history":[{"count":0,"href":"http:\/\/ccnuclear.ca\/fr\/wp-json\/wp\/v2\/pages\/1428\/revisions"}],"wp:attachment":[{"href":"http:\/\/ccnuclear.ca\/fr\/wp-json\/wp\/v2\/media?parent=1428"}],"curies":[{"name":"wp","href":"https:\/\/api.w.org\/{rel}","templated":true}]}}